{"id":15662,"date":"2024-05-02T14:11:44","date_gmt":"2024-05-02T17:11:44","guid":{"rendered":"https:\/\/www.bonevalermoveis.com.br\/home\/?page_id=15662"},"modified":"2024-06-03T14:09:16","modified_gmt":"2024-06-03T17:09:16","slug":"politicas-de-troca-e-devolucao","status":"publish","type":"page","link":"https:\/\/www.bonevalermoveis.com.br\/home\/politicas-de-troca-e-devolucao\/","title":{"rendered":"Pol\u00edticas de Troca e Devolu\u00e7\u00e3o"},"content":{"rendered":"\t\t<div data-elementor-type=\"wp-page\" data-elementor-id=\"15662\" class=\"elementor elementor-15662\" data-elementor-post-type=\"page\">\n\t\t\t\t<div class=\"elementor-element elementor-element-4436005a e-flex e-con-boxed wd-section-disabled e-con e-parent\" data-id=\"4436005a\" data-element_type=\"container\" data-settings=\"{&quot;background_background&quot;:&quot;classic&quot;}\">\n\t\t\t\t\t<div class=\"e-con-inner\">\n\t\t\t\t<div class=\"elementor-element elementor-element-4be4fec0 color-scheme-inherit text-left elementor-widget elementor-widget-text-editor\" data-id=\"4be4fec0\" data-element_type=\"widget\" data-widget_type=\"text-editor.default\">\n\t\t\t\t<div class=\"elementor-widget-container\">\n\t\t\t\t\t\t\t\t\t<p><strong>POL\u00cdTICA DE TROCA \u2014 Bonevaler M\u00f3veis<\/strong><\/p><p>Esta pol\u00edtica de troca \u00e9 v\u00e1lida a partir de May 2024.<\/p><p>Caso voc\u00ea n\u00e3o esteja satisfeito com o produto ou tenha se arrependido da compra, voc\u00ea poder\u00e1 solicitar uma troca ou devolu\u00e7\u00e3o em at\u00e9 7 dias contados da data do recebimento do pedido no seu endere\u00e7o.<\/p><p>Condi\u00e7\u00f5es para efetuar uma troca:<br \/>Caso queira efetuar uma troca, o produto dever\u00e1 estar em perfeito estado e sem sinais de uso, ou seja, nas mesmas condi\u00e7\u00f5es que voc\u00ea o recebeu. Al\u00e9m disso, \u00e9 indispens\u00e1vel que o item esteja em sua embalagem original.<\/p><p>Como solicitar uma troca:<br \/>Envie uma mensagem para +55 (11) 969019030 informando seu nome completo, qual foi seu pedido e motivo da troca. Voc\u00ea receber\u00e1 o nosso contato com as informa\u00e7\u00f5es necess\u00e1rias para efetuar a troca.<\/p><p>Condi\u00e7\u00f5es para devolu\u00e7\u00e3o por arrependimento:<br \/>Caso voc\u00ea se arrependa da compra, tamb\u00e9m poder\u00e1 devolver o seu pedido em at\u00e9 7 dias contados da data do recebimento do pedido no seu endere\u00e7o.<\/p><p>Como solicitar uma devolu\u00e7\u00e3o por arrependimento:<br \/>Envie uma mensagem para: +55 (11)969019030, informando seu nome completo e seu pedido. Voc\u00ea receber\u00e1 o reembolso em at\u00e9 30 dias contados da data em que recebermos os produtos devolvidos. O valor ser\u00e1 reembolsado utilizando o mesmo m\u00e9todo de pagamento que voc\u00ea selecionou ao comprar na nossa loja. N\u00e3o haver\u00e1 custo adicional para voc\u00ea receber o reembolso.<\/p><p>Produtos com defeito de fabrica\u00e7\u00e3o:<br \/>De acordo com a legisla\u00e7\u00e3o brasileira, no caso de itens com defeito de fabrica\u00e7\u00e3o, voc\u00ea tem o direito de solicitar a devolu\u00e7\u00e3o em at\u00e9 30 dias, contados da data do recebimento do pedido no seu endere\u00e7o.<\/p><p>Como solicitar uma devolu\u00e7\u00e3o de produtos com defeito:<br \/>Envie uma mensagem para: +55 (11)969019030, informando seu nome completo, n\u00famero do pedido e informa\u00e7\u00f5es sobre o defeito de fabrica\u00e7\u00e3o (descri\u00e7\u00e3o com fotos ou v\u00eddeos). Analisaremos o seu caso em at\u00e9 30 dias contados da data em que recebermos os produtos devolvidos. O valor ser\u00e1 reembolsado utilizando o mesmo m\u00e9todo de pagamento que voc\u00ea selecionou ao comprar na nossa loja virtual. N\u00e3o haver\u00e1 custo adicional para voc\u00ea receber o reembolso.<\/p><p>Como devolver os produtos:<br \/>Seguindo o estabelecido pelo Direito do Consumidor, os custos de envio da devolu\u00e7\u00e3o de produtos por direito de arrependimento ou itens com defeito de fabrica\u00e7\u00e3o ser\u00e3o cobertos pela nossa loja atrav\u00e9s do processo de log\u00edstica reversa.<\/p><p>Entre em contato conosco:<br \/>Caso voc\u00ea tenha qualquer d\u00favida sobre a nossa pol\u00edtica de troca, por favor, entre em contato pelo n\u00famero: +55 (11)969019030 ou pelo e-mail: bonevaler.moveis@hotmail.com<\/p>\t\t\t\t\t\t\t\t<\/div>\n\t\t\t\t<\/div>\n\t\t\t\t\t<\/div>\n\t\t\t\t<\/div>\n\t\t\t\t<\/div>\n\t\t","protected":false},"excerpt":{"rendered":"<p>POL\u00cdTICA DE TROCA \u2014 Bonevaler M\u00f3veis Esta pol\u00edtica de troca \u00e9 v\u00e1lida a partir de May 2024. Caso voc\u00ea n\u00e3o<\/p>\n","protected":false},"author":1,"featured_media":0,"parent":0,"menu_order":0,"comment_status":"closed","ping_status":"closed","template":"","meta":{"_joinchat":[],"footnotes":""},"class_list":["post-15662","page","type-page","status-publish","hentry"],"_links":{"self":[{"href":"https:\/\/www.bonevalermoveis.com.br\/home\/wp-json\/wp\/v2\/pages\/15662","targetHints":{"allow":["GET"]}}],"collection":[{"href":"https:\/\/www.bonevalermoveis.com.br\/home\/wp-json\/wp\/v2\/pages"}],"about":[{"href":"https:\/\/www.bonevalermoveis.com.br\/home\/wp-json\/wp\/v2\/types\/page"}],"author":[{"embeddable":true,"href":"https:\/\/www.bonevalermoveis.com.br\/home\/wp-json\/wp\/v2\/users\/1"}],"replies":[{"embeddable":true,"href":"https:\/\/www.bonevalermoveis.com.br\/home\/wp-json\/wp\/v2\/comments?post=15662"}],"version-history":[{"count":5,"href":"https:\/\/www.bonevalermoveis.com.br\/home\/wp-json\/wp\/v2\/pages\/15662\/revisions"}],"predecessor-version":[{"id":16200,"href":"https:\/\/www.bonevalermoveis.com.br\/home\/wp-json\/wp\/v2\/pages\/15662\/revisions\/16200"}],"wp:attachment":[{"href":"https:\/\/www.bonevalermoveis.com.br\/home\/wp-json\/wp\/v2\/media?parent=15662"}],"curies":[{"name":"wp","href":"https:\/\/api.w.org\/{rel}","templated":true}]}}