{"id":16279,"date":"2024-06-04T10:59:40","date_gmt":"2024-06-04T13:59:40","guid":{"rendered":"https:\/\/www.bonevalermoveis.com.br\/home\/?post_type=product&#038;p=16279"},"modified":"2026-02-11T22:13:31","modified_gmt":"2026-02-12T01:13:31","slug":"poltrona-cuba","status":"publish","type":"product","link":"https:\/\/www.bonevalermoveis.com.br\/home\/produto\/poltrona-cuba\/","title":{"rendered":"Poltrona Cuba"},"content":{"rendered":"","protected":false},"excerpt":{"rendered":"<p>Experimente o equil\u00edbrio perfeito entre design sofisticado e conforto com a <strong>Poltrona Cuba<\/strong>. Com uma estrutura em alum\u00ednio e pintura eletrost\u00e1tica, esta poltrona \u00e9 sin\u00f4nimo de durabilidade e resist\u00eancia \u00e0s intemp\u00e9ries. A corda n\u00e1utica que comp\u00f5e seu encosto e assento oferece um <strong>toque moderno e elegante,<\/strong> al\u00e9m de proporcionar excelente suporte ergon\u00f4mico. Para um conforto ainda maior, adicione uma almofada macia e desfrute de momentos de puro relaxamento. Transforme seu espa\u00e7o com a Poltrona Cuba e aproveite o m\u00e1ximo em qualidade e estilo.<\/p>\n<p>&nbsp;<\/p>\n<p>Personalize as cores do seu gosto e estilo, caso nossas medidas n\u00e3o te atendam, fazemos sobre medida exata para melhor adequar-se ao seu ambiente.<\/p>\n","protected":false},"featured_media":16817,"template":"","meta":{"_joinchat":[]},"product_brand":[],"product_cat":[94,92],"product_tag":[],"class_list":{"0":"post-16279","1":"product","2":"type-product","3":"status-publish","4":"has-post-thumbnail","6":"product_cat-poltronas","7":"product_cat-toda-a-loja","9":"first","10":"instock","11":"shipping-taxable","12":"purchasable","13":"product-type-simple"},"_links":{"self":[{"href":"https:\/\/www.bonevalermoveis.com.br\/home\/wp-json\/wp\/v2\/product\/16279","targetHints":{"allow":["GET"]}}],"collection":[{"href":"https:\/\/www.bonevalermoveis.com.br\/home\/wp-json\/wp\/v2\/product"}],"about":[{"href":"https:\/\/www.bonevalermoveis.com.br\/home\/wp-json\/wp\/v2\/types\/product"}],"version-history":[{"count":2,"href":"https:\/\/www.bonevalermoveis.com.br\/home\/wp-json\/wp\/v2\/product\/16279\/revisions"}],"predecessor-version":[{"id":16822,"href":"https:\/\/www.bonevalermoveis.com.br\/home\/wp-json\/wp\/v2\/product\/16279\/revisions\/16822"}],"wp:featuredmedia":[{"embeddable":true,"href":"https:\/\/www.bonevalermoveis.com.br\/home\/wp-json\/wp\/v2\/media\/16817"}],"wp:attachment":[{"href":"https:\/\/www.bonevalermoveis.com.br\/home\/wp-json\/wp\/v2\/media?parent=16279"}],"wp:term":[{"taxonomy":"product_brand","embeddable":true,"href":"https:\/\/www.bonevalermoveis.com.br\/home\/wp-json\/wp\/v2\/product_brand?post=16279"},{"taxonomy":"product_cat","embeddable":true,"href":"https:\/\/www.bonevalermoveis.com.br\/home\/wp-json\/wp\/v2\/product_cat?post=16279"},{"taxonomy":"product_tag","embeddable":true,"href":"https:\/\/www.bonevalermoveis.com.br\/home\/wp-json\/wp\/v2\/product_tag?post=16279"}],"curies":[{"name":"wp","href":"https:\/\/api.w.org\/{rel}","templated":true}]}}