{"id":16398,"date":"2024-06-05T16:56:58","date_gmt":"2024-06-05T19:56:58","guid":{"rendered":"https:\/\/www.bonevalermoveis.com.br\/home\/?post_type=product&#038;p=16398"},"modified":"2026-02-11T22:39:20","modified_gmt":"2026-02-12T01:39:20","slug":"banqueta-madrid","status":"publish","type":"product","link":"https:\/\/www.bonevalermoveis.com.br\/home\/produto\/banqueta-madrid\/","title":{"rendered":"Banqueta Madrid"},"content":{"rendered":"","protected":false},"excerpt":{"rendered":"<p data-start=\"0\" data-end=\"224\">A <strong data-start=\"2\" data-end=\"21\">Banqueta Madrid<\/strong> traduz a ess\u00eancia do <strong data-start=\"43\" data-end=\"93\">design artesanal com acabamento de alto padr\u00e3o<\/strong>. Sua estrutura \u00e9 totalmente feita em <strong data-start=\"131\" data-end=\"142\">madeira<\/strong>, trazendo um visual elegante, natural e atemporal que valoriza qualquer ambiente.<\/p>\n<p data-start=\"226\" data-end=\"551\">A trama \u00e9 realizada <strong data-start=\"246\" data-end=\"295\">vertical e horizontalmente de forma artesanal<\/strong>, criando um desenho exclusivo que se destaca pela riqueza de detalhes e pela harmonia entre forma e fun\u00e7\u00e3o. Cada pe\u00e7a \u00e9 cuidadosamente finalizada para garantir um <strong data-start=\"459\" data-end=\"483\">acabamento impec\u00e1vel<\/strong>, refletindo o cuidado e a sofistica\u00e7\u00e3o que s\u00e3o marcas da Bonevaler.<\/p>\n<p>&nbsp;<\/p>\n<p>A metragem poder\u00e1 variar de acordo com a proposta que a banqueta for utilizada, por isso precisamos de algumas medidas, como por exemplo a altura do balc\u00e3o para assim ser feita sobre medida exata para maior conforto.<\/p>\n<p>&nbsp;<\/p>\n<p>Personalize as cores do seu gosto e estilo, caso nossas medidas n\u00e3o te atendam, fazemos sobre medida exata para melhor adequar-se ao seu ambiente.<\/p>\n","protected":false},"featured_media":16399,"template":"","meta":{"_joinchat":[]},"product_brand":[],"product_cat":[83,92],"product_tag":[],"class_list":{"0":"post-16398","1":"product","2":"type-product","3":"status-publish","4":"has-post-thumbnail","6":"product_cat-banquetas","7":"product_cat-toda-a-loja","9":"first","10":"instock","11":"shipping-taxable","12":"purchasable","13":"product-type-simple"},"_links":{"self":[{"href":"https:\/\/www.bonevalermoveis.com.br\/home\/wp-json\/wp\/v2\/product\/16398","targetHints":{"allow":["GET"]}}],"collection":[{"href":"https:\/\/www.bonevalermoveis.com.br\/home\/wp-json\/wp\/v2\/product"}],"about":[{"href":"https:\/\/www.bonevalermoveis.com.br\/home\/wp-json\/wp\/v2\/types\/product"}],"version-history":[{"count":2,"href":"https:\/\/www.bonevalermoveis.com.br\/home\/wp-json\/wp\/v2\/product\/16398\/revisions"}],"predecessor-version":[{"id":18114,"href":"https:\/\/www.bonevalermoveis.com.br\/home\/wp-json\/wp\/v2\/product\/16398\/revisions\/18114"}],"wp:featuredmedia":[{"embeddable":true,"href":"https:\/\/www.bonevalermoveis.com.br\/home\/wp-json\/wp\/v2\/media\/16399"}],"wp:attachment":[{"href":"https:\/\/www.bonevalermoveis.com.br\/home\/wp-json\/wp\/v2\/media?parent=16398"}],"wp:term":[{"taxonomy":"product_brand","embeddable":true,"href":"https:\/\/www.bonevalermoveis.com.br\/home\/wp-json\/wp\/v2\/product_brand?post=16398"},{"taxonomy":"product_cat","embeddable":true,"href":"https:\/\/www.bonevalermoveis.com.br\/home\/wp-json\/wp\/v2\/product_cat?post=16398"},{"taxonomy":"product_tag","embeddable":true,"href":"https:\/\/www.bonevalermoveis.com.br\/home\/wp-json\/wp\/v2\/product_tag?post=16398"}],"curies":[{"name":"wp","href":"https:\/\/api.w.org\/{rel}","templated":true}]}}