{"id":16405,"date":"2024-06-05T23:23:58","date_gmt":"2024-06-06T02:23:58","guid":{"rendered":"https:\/\/www.bonevalermoveis.com.br\/home\/?post_type=product&#038;p=16405"},"modified":"2026-02-11T20:48:17","modified_gmt":"2026-02-11T23:48:17","slug":"banqueta-soft","status":"publish","type":"product","link":"https:\/\/www.bonevalermoveis.com.br\/home\/produto\/banqueta-soft\/","title":{"rendered":"Banqueta Soft"},"content":{"rendered":"","protected":false},"excerpt":{"rendered":"<p>A Banqueta Soft lhe porprocionar\u00e1 uma <strong>maciez muito confort\u00e1vel<\/strong>\u00a0em seu\u00a0<strong>estilo<\/strong>, devido ao trico n\u00e1utico. Sua estrutura \u00e9 toda em alum\u00ednio com a pintura eletrost\u00e1tica, e o trico n\u00e1utica tudo da\u00a0<strong>melhor qualidade do mercado.<\/strong><\/p>\n<p>&nbsp;<\/p>\n<p>A metragem poder\u00e1 variar de acordo com a proposta que a banqueta for utilizada, por isso precisamos de algumas medidas, como por exemplo a altura do balc\u00e3o para assim ser feita sobre medida exata para maior conforto.<\/p>\n<p>&nbsp;<\/p>\n<p>Personalize as cores do seu gosto e estilo, caso nossas medidas n\u00e3o te atendam, fazemos sobre medida exata para melhor adequar-se ao seu ambiente.<\/p>\n","protected":false},"featured_media":16406,"template":"","meta":{"_joinchat":[]},"product_brand":[],"product_cat":[83,92],"product_tag":[],"class_list":{"0":"post-16405","1":"product","2":"type-product","3":"status-publish","4":"has-post-thumbnail","6":"product_cat-banquetas","7":"product_cat-toda-a-loja","9":"first","10":"instock","11":"shipping-taxable","12":"purchasable","13":"product-type-simple"},"_links":{"self":[{"href":"https:\/\/www.bonevalermoveis.com.br\/home\/wp-json\/wp\/v2\/product\/16405","targetHints":{"allow":["GET"]}}],"collection":[{"href":"https:\/\/www.bonevalermoveis.com.br\/home\/wp-json\/wp\/v2\/product"}],"about":[{"href":"https:\/\/www.bonevalermoveis.com.br\/home\/wp-json\/wp\/v2\/types\/product"}],"version-history":[{"count":2,"href":"https:\/\/www.bonevalermoveis.com.br\/home\/wp-json\/wp\/v2\/product\/16405\/revisions"}],"predecessor-version":[{"id":18115,"href":"https:\/\/www.bonevalermoveis.com.br\/home\/wp-json\/wp\/v2\/product\/16405\/revisions\/18115"}],"wp:featuredmedia":[{"embeddable":true,"href":"https:\/\/www.bonevalermoveis.com.br\/home\/wp-json\/wp\/v2\/media\/16406"}],"wp:attachment":[{"href":"https:\/\/www.bonevalermoveis.com.br\/home\/wp-json\/wp\/v2\/media?parent=16405"}],"wp:term":[{"taxonomy":"product_brand","embeddable":true,"href":"https:\/\/www.bonevalermoveis.com.br\/home\/wp-json\/wp\/v2\/product_brand?post=16405"},{"taxonomy":"product_cat","embeddable":true,"href":"https:\/\/www.bonevalermoveis.com.br\/home\/wp-json\/wp\/v2\/product_cat?post=16405"},{"taxonomy":"product_tag","embeddable":true,"href":"https:\/\/www.bonevalermoveis.com.br\/home\/wp-json\/wp\/v2\/product_tag?post=16405"}],"curies":[{"name":"wp","href":"https:\/\/api.w.org\/{rel}","templated":true}]}}