{"id":16411,"date":"2024-06-05T23:39:32","date_gmt":"2024-06-06T02:39:32","guid":{"rendered":"https:\/\/www.bonevalermoveis.com.br\/home\/?post_type=product&#038;p=16411"},"modified":"2024-07-31T20:44:47","modified_gmt":"2024-07-31T23:44:47","slug":"banqueta-prisma-em-fibra","status":"publish","type":"product","link":"https:\/\/www.bonevalermoveis.com.br\/home\/produto\/banqueta-prisma-em-fibra\/","title":{"rendered":"Banqueta Prisma em fibra"},"content":{"rendered":"","protected":false},"excerpt":{"rendered":"<p>A banqueta flora \u00e9 uma exelente banqueta para sua \u00e1rea de lazer, toda feita em alum\u00ednio, pintura eletrost\u00e1tica e fibra sint\u00e9tica da <strong>melhor qualidade do mercado.<\/strong><\/p>\n<p>&nbsp;<\/p>\n<p>A metragem poder\u00e1 variar de acordo com a proposta que a banqueta for utilizada, por isso precisamos da medida de algumas coisas, como por exemplo a altura do balc\u00e3o para assim se adequar melhor, por\u00e9m utilizamos uma medida que \u00e9 feita por padr\u00e3o nosso a mostruario (altura x comprimento x largura):<\/p>\n<p>&nbsp;<\/p>\n<p>Dimens\u00f5es em Cm (altura x comprimento x largura):<\/p>\n<p>100x50x50<\/p>\n<p>&nbsp;<\/p>\n<p>Personalize as cores do seu gosto e estilo, caso nossas m\u00e9didas n\u00e3o te atendam, fazemos sobre medida exata para melhor adequar-se ao seu ambiente.<\/p>\n","protected":false},"featured_media":16415,"template":"","meta":{"_joinchat":[]},"product_brand":[],"product_cat":[83,92],"product_tag":[],"class_list":{"0":"post-16411","1":"product","2":"type-product","3":"status-publish","4":"has-post-thumbnail","6":"product_cat-banquetas","7":"product_cat-toda-a-loja","9":"first","10":"instock","11":"shipping-taxable","12":"purchasable","13":"product-type-simple"},"_links":{"self":[{"href":"https:\/\/www.bonevalermoveis.com.br\/home\/wp-json\/wp\/v2\/product\/16411","targetHints":{"allow":["GET"]}}],"collection":[{"href":"https:\/\/www.bonevalermoveis.com.br\/home\/wp-json\/wp\/v2\/product"}],"about":[{"href":"https:\/\/www.bonevalermoveis.com.br\/home\/wp-json\/wp\/v2\/types\/product"}],"version-history":[{"count":2,"href":"https:\/\/www.bonevalermoveis.com.br\/home\/wp-json\/wp\/v2\/product\/16411\/revisions"}],"predecessor-version":[{"id":17176,"href":"https:\/\/www.bonevalermoveis.com.br\/home\/wp-json\/wp\/v2\/product\/16411\/revisions\/17176"}],"wp:featuredmedia":[{"embeddable":true,"href":"https:\/\/www.bonevalermoveis.com.br\/home\/wp-json\/wp\/v2\/media\/16415"}],"wp:attachment":[{"href":"https:\/\/www.bonevalermoveis.com.br\/home\/wp-json\/wp\/v2\/media?parent=16411"}],"wp:term":[{"taxonomy":"product_brand","embeddable":true,"href":"https:\/\/www.bonevalermoveis.com.br\/home\/wp-json\/wp\/v2\/product_brand?post=16411"},{"taxonomy":"product_cat","embeddable":true,"href":"https:\/\/www.bonevalermoveis.com.br\/home\/wp-json\/wp\/v2\/product_cat?post=16411"},{"taxonomy":"product_tag","embeddable":true,"href":"https:\/\/www.bonevalermoveis.com.br\/home\/wp-json\/wp\/v2\/product_tag?post=16411"}],"curies":[{"name":"wp","href":"https:\/\/api.w.org\/{rel}","templated":true}]}}