{"id":16472,"date":"2024-06-18T10:44:46","date_gmt":"2024-06-18T13:44:46","guid":{"rendered":"https:\/\/www.bonevalermoveis.com.br\/home\/?post_type=product&#038;p=16472"},"modified":"2025-07-20T14:17:10","modified_gmt":"2025-07-20T17:17:10","slug":"conjuto-de-mesa-arezzo","status":"publish","type":"product","link":"https:\/\/www.bonevalermoveis.com.br\/home\/produto\/conjuto-de-mesa-arezzo\/","title":{"rendered":"Conjunto Arezzo"},"content":{"rendered":"","protected":false},"excerpt":{"rendered":"<p>O conjunto de mesa Arezzo se destaca por ter <strong>tons mais r\u00fasticos<\/strong>, com seu centro girat\u00f3rio, p\u00e9s todos em alum\u00ednio e pintura eletrost\u00e1tica, nesta proposta \u00e9 utilizado com suas poltronas todas em corda n\u00e1utica e bra\u00e7o em madeira, tudo da <strong>melhor qualidade e conforto do mercado.\u00a0<\/strong><\/p>\n<p>&nbsp;<\/p>\n<p>Personalize as cores do seu gosto e estilo, caso nossas m\u00e9didas n\u00e3o te atendam, fazemos sobre medida exata para melhor adequar-se ao seu ambiente.<\/p>\n","protected":false},"featured_media":16474,"template":"","meta":{"_joinchat":[]},"product_brand":[],"product_cat":[96,92],"product_tag":[],"class_list":{"0":"post-16472","1":"product","2":"type-product","3":"status-publish","4":"has-post-thumbnail","6":"product_cat-mesas","7":"product_cat-toda-a-loja","9":"first","10":"instock","11":"shipping-taxable","12":"purchasable","13":"product-type-simple"},"_links":{"self":[{"href":"https:\/\/www.bonevalermoveis.com.br\/home\/wp-json\/wp\/v2\/product\/16472","targetHints":{"allow":["GET"]}}],"collection":[{"href":"https:\/\/www.bonevalermoveis.com.br\/home\/wp-json\/wp\/v2\/product"}],"about":[{"href":"https:\/\/www.bonevalermoveis.com.br\/home\/wp-json\/wp\/v2\/types\/product"}],"version-history":[{"count":3,"href":"https:\/\/www.bonevalermoveis.com.br\/home\/wp-json\/wp\/v2\/product\/16472\/revisions"}],"predecessor-version":[{"id":17222,"href":"https:\/\/www.bonevalermoveis.com.br\/home\/wp-json\/wp\/v2\/product\/16472\/revisions\/17222"}],"wp:featuredmedia":[{"embeddable":true,"href":"https:\/\/www.bonevalermoveis.com.br\/home\/wp-json\/wp\/v2\/media\/16474"}],"wp:attachment":[{"href":"https:\/\/www.bonevalermoveis.com.br\/home\/wp-json\/wp\/v2\/media?parent=16472"}],"wp:term":[{"taxonomy":"product_brand","embeddable":true,"href":"https:\/\/www.bonevalermoveis.com.br\/home\/wp-json\/wp\/v2\/product_brand?post=16472"},{"taxonomy":"product_cat","embeddable":true,"href":"https:\/\/www.bonevalermoveis.com.br\/home\/wp-json\/wp\/v2\/product_cat?post=16472"},{"taxonomy":"product_tag","embeddable":true,"href":"https:\/\/www.bonevalermoveis.com.br\/home\/wp-json\/wp\/v2\/product_tag?post=16472"}],"curies":[{"name":"wp","href":"https:\/\/api.w.org\/{rel}","templated":true}]}}