{"id":16515,"date":"2024-06-18T14:02:34","date_gmt":"2024-06-18T17:02:34","guid":{"rendered":"https:\/\/www.bonevalermoveis.com.br\/home\/?post_type=product&#038;p=16515"},"modified":"2025-08-24T19:00:12","modified_gmt":"2025-08-24T22:00:12","slug":"conjunto-de-mesa-paris","status":"publish","type":"product","link":"https:\/\/www.bonevalermoveis.com.br\/home\/produto\/conjunto-de-mesa-paris\/","title":{"rendered":"Conjunto Paris"},"content":{"rendered":"","protected":false},"excerpt":{"rendered":"<p>O conjunto de mesa paris tr\u00e1s consigo uma mesa feita em alum\u00ednio tubular e com girat\u00f3rio em seu centro e a op\u00e7\u00e3o de guarda-sol em seu centro. Acompanhada com 6 da nossa Poltrona Paris que \u00e9 toda feita em alum\u00ednio, tela sling e pintura eletrost\u00e1tica, \u00e9 de <strong>extremo conforto<\/strong>\u00a0devido as caracter\u00edsticas que somente a tela sling pode proporcionar, \u00e9 a melhor op\u00e7\u00e3o para voc\u00ea que procura uma poltrona\u00a0<strong>sofisticada<\/strong>, com um lindo\u00a0<strong>design e conforto<\/strong>\u00a0para sua \u00e1rea de lazer. \u00c9 ideial para \u00e1reas externas como: Jardins e piscinas.<\/p>\n<p>&nbsp;<\/p>\n<p>Personalize as cores do seu gosto e estilo, caso nossas medidas n\u00e3o te atendam, fazemos sobre medida exata para melhor adequar-se ao seu ambiente.<\/p>\n","protected":false},"featured_media":16516,"template":"","meta":{"_joinchat":[]},"product_brand":[],"product_cat":[96,97,92],"product_tag":[],"class_list":{"0":"post-16515","1":"product","2":"type-product","3":"status-publish","4":"has-post-thumbnail","6":"product_cat-mesas","7":"product_cat-moveis-em-tela-sling","8":"product_cat-toda-a-loja","10":"first","11":"instock","12":"shipping-taxable","13":"purchasable","14":"product-type-simple"},"_links":{"self":[{"href":"https:\/\/www.bonevalermoveis.com.br\/home\/wp-json\/wp\/v2\/product\/16515","targetHints":{"allow":["GET"]}}],"collection":[{"href":"https:\/\/www.bonevalermoveis.com.br\/home\/wp-json\/wp\/v2\/product"}],"about":[{"href":"https:\/\/www.bonevalermoveis.com.br\/home\/wp-json\/wp\/v2\/types\/product"}],"version-history":[{"count":4,"href":"https:\/\/www.bonevalermoveis.com.br\/home\/wp-json\/wp\/v2\/product\/16515\/revisions"}],"predecessor-version":[{"id":16801,"href":"https:\/\/www.bonevalermoveis.com.br\/home\/wp-json\/wp\/v2\/product\/16515\/revisions\/16801"}],"wp:featuredmedia":[{"embeddable":true,"href":"https:\/\/www.bonevalermoveis.com.br\/home\/wp-json\/wp\/v2\/media\/16516"}],"wp:attachment":[{"href":"https:\/\/www.bonevalermoveis.com.br\/home\/wp-json\/wp\/v2\/media?parent=16515"}],"wp:term":[{"taxonomy":"product_brand","embeddable":true,"href":"https:\/\/www.bonevalermoveis.com.br\/home\/wp-json\/wp\/v2\/product_brand?post=16515"},{"taxonomy":"product_cat","embeddable":true,"href":"https:\/\/www.bonevalermoveis.com.br\/home\/wp-json\/wp\/v2\/product_cat?post=16515"},{"taxonomy":"product_tag","embeddable":true,"href":"https:\/\/www.bonevalermoveis.com.br\/home\/wp-json\/wp\/v2\/product_tag?post=16515"}],"curies":[{"name":"wp","href":"https:\/\/api.w.org\/{rel}","templated":true}]}}