{"id":16526,"date":"2024-06-18T14:57:26","date_gmt":"2024-06-18T17:57:26","guid":{"rendered":"https:\/\/www.bonevalermoveis.com.br\/home\/?post_type=product&#038;p=16526"},"modified":"2025-07-20T14:25:36","modified_gmt":"2025-07-20T17:25:36","slug":"mesa-angra","status":"publish","type":"product","link":"https:\/\/www.bonevalermoveis.com.br\/home\/produto\/mesa-angra\/","title":{"rendered":"Conjunto Ilha Bela"},"content":{"rendered":"","protected":false},"excerpt":{"rendered":"<p>Com uma mesa retangular de madeira que acomoda confortavelmente seis cadeiras, este conjunto \u00e9 a escolha perfeita para reuni\u00f5es e momentos especiais. As cadeiras, feitas em corda n\u00e1utica com acabamento em pintura eletrost\u00e1tica, combinam <strong>durabilidade e estilo<\/strong>, proporcionando um <strong>toque moderno e sofisticado.<\/strong><\/p>\n<p>A mesa de madeira oferece uma base robusta e natural, enquanto as cadeiras com sua textura \u00fanica e design contempor\u00e2neo elevam o visual de qualquer ambiente. A qualidade dos materiais garante resist\u00eancia \u00e0s intemp\u00e9ries e longa durabilidade, fazendo deste conjunto um investimento inteligente para seu lar.<\/p>\n<p>&nbsp;<\/p>\n<p>Personalize as cores do seu gosto e estilo, caso nossas medidas n\u00e3o te atendam, fazemos sobre medida exata para melhor adequar-se ao seu ambiente.<\/p>\n","protected":false},"featured_media":16527,"template":"","meta":{"_joinchat":[]},"product_brand":[],"product_cat":[96,92],"product_tag":[],"class_list":{"0":"post-16526","1":"product","2":"type-product","3":"status-publish","4":"has-post-thumbnail","6":"product_cat-mesas","7":"product_cat-toda-a-loja","9":"first","10":"instock","11":"shipping-taxable","12":"purchasable","13":"product-type-simple"},"_links":{"self":[{"href":"https:\/\/www.bonevalermoveis.com.br\/home\/wp-json\/wp\/v2\/product\/16526","targetHints":{"allow":["GET"]}}],"collection":[{"href":"https:\/\/www.bonevalermoveis.com.br\/home\/wp-json\/wp\/v2\/product"}],"about":[{"href":"https:\/\/www.bonevalermoveis.com.br\/home\/wp-json\/wp\/v2\/types\/product"}],"version-history":[{"count":6,"href":"https:\/\/www.bonevalermoveis.com.br\/home\/wp-json\/wp\/v2\/product\/16526\/revisions"}],"predecessor-version":[{"id":17048,"href":"https:\/\/www.bonevalermoveis.com.br\/home\/wp-json\/wp\/v2\/product\/16526\/revisions\/17048"}],"wp:featuredmedia":[{"embeddable":true,"href":"https:\/\/www.bonevalermoveis.com.br\/home\/wp-json\/wp\/v2\/media\/16527"}],"wp:attachment":[{"href":"https:\/\/www.bonevalermoveis.com.br\/home\/wp-json\/wp\/v2\/media?parent=16526"}],"wp:term":[{"taxonomy":"product_brand","embeddable":true,"href":"https:\/\/www.bonevalermoveis.com.br\/home\/wp-json\/wp\/v2\/product_brand?post=16526"},{"taxonomy":"product_cat","embeddable":true,"href":"https:\/\/www.bonevalermoveis.com.br\/home\/wp-json\/wp\/v2\/product_cat?post=16526"},{"taxonomy":"product_tag","embeddable":true,"href":"https:\/\/www.bonevalermoveis.com.br\/home\/wp-json\/wp\/v2\/product_tag?post=16526"}],"curies":[{"name":"wp","href":"https:\/\/api.w.org\/{rel}","templated":true}]}}