{"id":16600,"date":"2024-06-19T19:12:30","date_gmt":"2024-06-19T22:12:30","guid":{"rendered":"https:\/\/www.bonevalermoveis.com.br\/home\/?post_type=product&#038;p=16600"},"modified":"2026-02-11T21:03:26","modified_gmt":"2026-02-12T00:03:26","slug":"concha-riviera","status":"publish","type":"product","link":"https:\/\/www.bonevalermoveis.com.br\/home\/produto\/concha-riviera\/","title":{"rendered":"Concha Riviera"},"content":{"rendered":"","protected":false},"excerpt":{"rendered":"<p data-start=\"0\" data-end=\"282\">A <strong data-start=\"2\" data-end=\"20\">Concha Riviera<\/strong> \u00e9 a express\u00e3o perfeita de <strong data-start=\"47\" data-end=\"90\">design autoral e sofistica\u00e7\u00e3o artesanal<\/strong>. Sua trama em <strong data-start=\"105\" data-end=\"135\">corda n\u00e1utica em formato X<\/strong>, feita totalmente \u00e0 m\u00e3o, cria um visual marcante, elegante e ao mesmo tempo acolhedor, transformando a pe\u00e7a em um verdadeiro destaque no ambiente.<\/p>\n<p data-start=\"284\" data-end=\"567\">Cada detalhe \u00e9 cuidadosamente trabalhado para valorizar a exclusividade do produto, unindo est\u00e9tica e conforto em perfeita harmonia. A Concha Riviera conta com <strong data-start=\"444\" data-end=\"470\">estofados imperme\u00e1veis<\/strong>, que garantem praticidade no dia a dia e durabilidade para \u00e1reas externas ou espa\u00e7os integrados.<\/p>\n<p data-start=\"569\" data-end=\"669\">Ideal para quem busca uma pe\u00e7a com <strong data-start=\"604\" data-end=\"668\">identidade forte, acabamento premium e presen\u00e7a visual \u00fanica<\/strong>.<\/p>\n<p data-start=\"569\" data-end=\"669\">\n<p data-start=\"671\" data-end=\"821\" data-is-last-node=\"\" data-is-only-node=\"\">Personalize as cores do seu gosto e estilo, caso nossas medidas n\u00e3o te atendam, fazemos sobre medida exata para melhor adequar-se ao seu ambiente.<\/p>\n","protected":false},"featured_media":16601,"template":"","meta":{"_joinchat":[]},"product_brand":[],"product_cat":[78,92],"product_tag":[],"class_list":{"0":"post-16600","1":"product","2":"type-product","3":"status-publish","4":"has-post-thumbnail","6":"product_cat-conchas","7":"product_cat-toda-a-loja","9":"first","10":"instock","11":"shipping-taxable","12":"purchasable","13":"product-type-simple"},"_links":{"self":[{"href":"https:\/\/www.bonevalermoveis.com.br\/home\/wp-json\/wp\/v2\/product\/16600","targetHints":{"allow":["GET"]}}],"collection":[{"href":"https:\/\/www.bonevalermoveis.com.br\/home\/wp-json\/wp\/v2\/product"}],"about":[{"href":"https:\/\/www.bonevalermoveis.com.br\/home\/wp-json\/wp\/v2\/types\/product"}],"version-history":[{"count":5,"href":"https:\/\/www.bonevalermoveis.com.br\/home\/wp-json\/wp\/v2\/product\/16600\/revisions"}],"predecessor-version":[{"id":18124,"href":"https:\/\/www.bonevalermoveis.com.br\/home\/wp-json\/wp\/v2\/product\/16600\/revisions\/18124"}],"wp:featuredmedia":[{"embeddable":true,"href":"https:\/\/www.bonevalermoveis.com.br\/home\/wp-json\/wp\/v2\/media\/16601"}],"wp:attachment":[{"href":"https:\/\/www.bonevalermoveis.com.br\/home\/wp-json\/wp\/v2\/media?parent=16600"}],"wp:term":[{"taxonomy":"product_brand","embeddable":true,"href":"https:\/\/www.bonevalermoveis.com.br\/home\/wp-json\/wp\/v2\/product_brand?post=16600"},{"taxonomy":"product_cat","embeddable":true,"href":"https:\/\/www.bonevalermoveis.com.br\/home\/wp-json\/wp\/v2\/product_cat?post=16600"},{"taxonomy":"product_tag","embeddable":true,"href":"https:\/\/www.bonevalermoveis.com.br\/home\/wp-json\/wp\/v2\/product_tag?post=16600"}],"curies":[{"name":"wp","href":"https:\/\/api.w.org\/{rel}","templated":true}]}}