{"id":16698,"date":"2024-06-24T13:21:58","date_gmt":"2024-06-24T16:21:58","guid":{"rendered":"https:\/\/www.bonevalermoveis.com.br\/home\/?post_type=product&#038;p=16698"},"modified":"2026-02-11T23:03:20","modified_gmt":"2026-02-12T02:03:20","slug":"sofa-angra","status":"publish","type":"product","link":"https:\/\/www.bonevalermoveis.com.br\/home\/produto\/sofa-angra\/","title":{"rendered":"Sof\u00e1 Angra"},"content":{"rendered":"","protected":false},"excerpt":{"rendered":"<p data-start=\"0\" data-end=\"230\"><strong data-start=\"32\" data-end=\"46\">O Sof\u00e1 Angra<\/strong>, uma pe\u00e7a que se destaca pelo seu <strong data-start=\"81\" data-end=\"101\" data-is-only-node=\"\">design imponente<\/strong> e acabamento artesanal em <strong data-start=\"128\" data-end=\"167\">tric\u00f4 n\u00e1utico tramado verticalmente<\/strong>, que confere leveza visual e um toque sofisticado ao ambiente. Sua <strong data-start=\"236\" data-end=\"287\">estrutura em alum\u00ednio com pintura eletrost\u00e1tica<\/strong> garante <strong data-start=\"296\" data-end=\"311\">resist\u00eancia<\/strong>, <strong data-start=\"313\" data-end=\"329\">durabilidade<\/strong> e <strong data-start=\"332\" data-end=\"342\">leveza<\/strong>, ideal para ambientes externos. Os estofados em tecido<strong data-start=\"378\" data-end=\"424\"> Acquablock imperme\u00e1vel<\/strong> proporcionam <strong data-start=\"438\" data-end=\"450\">conforto<\/strong> e <strong data-start=\"453\" data-end=\"468\">praticidade<\/strong>, sendo f\u00e1ceis de limpar e perfeitos para o uso ao ar livre.<\/p>\n<p data-start=\"530\" data-end=\"710\">O conjunto \u00e9 acompanhado por uma <strong data-start=\"563\" data-end=\"581\">mesa de centro<\/strong> que complementa a composi\u00e7\u00e3o com eleg\u00e2ncia e funcionalidade, criando o cen\u00e1rio ideal para momentos de relaxamento e conviv\u00eancia.<\/p>\n<p>Personalize as cores do seu gosto e estilo, caso nossas medidas n\u00e3o te atendam, fazemos sobre medida exata para melhor adequar-se ao seu ambiente.<\/p>\n","protected":false},"featured_media":18134,"template":"","meta":{"_joinchat":[]},"product_brand":[],"product_cat":[75,92],"product_tag":[],"class_list":{"0":"post-16698","1":"product","2":"type-product","3":"status-publish","4":"has-post-thumbnail","6":"product_cat-conjuntos-de-sofas","7":"product_cat-toda-a-loja","9":"first","10":"instock","11":"shipping-taxable","12":"purchasable","13":"product-type-simple"},"_links":{"self":[{"href":"https:\/\/www.bonevalermoveis.com.br\/home\/wp-json\/wp\/v2\/product\/16698","targetHints":{"allow":["GET"]}}],"collection":[{"href":"https:\/\/www.bonevalermoveis.com.br\/home\/wp-json\/wp\/v2\/product"}],"about":[{"href":"https:\/\/www.bonevalermoveis.com.br\/home\/wp-json\/wp\/v2\/types\/product"}],"version-history":[{"count":7,"href":"https:\/\/www.bonevalermoveis.com.br\/home\/wp-json\/wp\/v2\/product\/16698\/revisions"}],"predecessor-version":[{"id":18135,"href":"https:\/\/www.bonevalermoveis.com.br\/home\/wp-json\/wp\/v2\/product\/16698\/revisions\/18135"}],"wp:featuredmedia":[{"embeddable":true,"href":"https:\/\/www.bonevalermoveis.com.br\/home\/wp-json\/wp\/v2\/media\/18134"}],"wp:attachment":[{"href":"https:\/\/www.bonevalermoveis.com.br\/home\/wp-json\/wp\/v2\/media?parent=16698"}],"wp:term":[{"taxonomy":"product_brand","embeddable":true,"href":"https:\/\/www.bonevalermoveis.com.br\/home\/wp-json\/wp\/v2\/product_brand?post=16698"},{"taxonomy":"product_cat","embeddable":true,"href":"https:\/\/www.bonevalermoveis.com.br\/home\/wp-json\/wp\/v2\/product_cat?post=16698"},{"taxonomy":"product_tag","embeddable":true,"href":"https:\/\/www.bonevalermoveis.com.br\/home\/wp-json\/wp\/v2\/product_tag?post=16698"}],"curies":[{"name":"wp","href":"https:\/\/api.w.org\/{rel}","templated":true}]}}