{"id":16777,"date":"2024-06-25T15:40:26","date_gmt":"2024-06-25T18:40:26","guid":{"rendered":"https:\/\/www.bonevalermoveis.com.br\/home\/?post_type=product&#038;p=16777"},"modified":"2025-07-20T14:20:07","modified_gmt":"2025-07-20T17:20:07","slug":"conjunto-de-mesa-barcelona","status":"publish","type":"product","link":"https:\/\/www.bonevalermoveis.com.br\/home\/produto\/conjunto-de-mesa-barcelona\/","title":{"rendered":"Conjunto Barcelona"},"content":{"rendered":"","protected":false},"excerpt":{"rendered":"<p>Transforme seu espa\u00e7o com este conjunto, cada detalhe \u00e9 meticulosamente confeccionada em corda n\u00e1utica de <strong>alta qualidade<\/strong>, garantindo <strong>durabilidade e resist\u00eancia<\/strong> \u00e0s intemp\u00e9ries. A estrutura em alum\u00ednio, com pintura eletrost\u00e1tica, oferece leveza e robustez, enquanto as almofadas em tecido Acquablock proporcionam conforto excepcional e resist\u00eancia \u00e0 \u00e1gua e facilidade em se limpar, ideais para qualquer clima.<\/p>\n<p>O design das cadeiras e da mesa reflete o esp\u00edrito din\u00e2mico e a beleza arquitet\u00f4nica de Barcelona, criando uma atmosfera convidativa e sofisticada. Com o Conjunto de Jantar &#8220;Barcelona&#8221;, voc\u00ea n\u00e3o s\u00f3 adquire um mobili\u00e1rio de alta qualidade, mas tamb\u00e9m um verdadeiro s\u00edmbolo de <strong>estilo<\/strong> e bom gosto.<\/p>\n<p>Invista em um conjunto que combina <strong>inova\u00e7\u00e3o, qualidade e design incompar\u00e1vel<\/strong>. Transforme seu espa\u00e7o e viva a experi\u00eancia de Barcelona no conforto do seu lar.<\/p>\n<p>&nbsp;<\/p>\n<p>Personalize as cores do seu gosto e estilo, caso nossas medidas n\u00e3o te atendam, fazemos sobre medida exata para melhor adequar-se ao seu ambiente.<\/p>\n","protected":false},"featured_media":16778,"template":"","meta":{"_joinchat":[]},"product_brand":[],"product_cat":[96,92],"product_tag":[],"class_list":{"0":"post-16777","1":"product","2":"type-product","3":"status-publish","4":"has-post-thumbnail","6":"product_cat-mesas","7":"product_cat-toda-a-loja","9":"first","10":"instock","11":"shipping-taxable","12":"purchasable","13":"product-type-simple"},"_links":{"self":[{"href":"https:\/\/www.bonevalermoveis.com.br\/home\/wp-json\/wp\/v2\/product\/16777","targetHints":{"allow":["GET"]}}],"collection":[{"href":"https:\/\/www.bonevalermoveis.com.br\/home\/wp-json\/wp\/v2\/product"}],"about":[{"href":"https:\/\/www.bonevalermoveis.com.br\/home\/wp-json\/wp\/v2\/types\/product"}],"version-history":[{"count":2,"href":"https:\/\/www.bonevalermoveis.com.br\/home\/wp-json\/wp\/v2\/product\/16777\/revisions"}],"predecessor-version":[{"id":16796,"href":"https:\/\/www.bonevalermoveis.com.br\/home\/wp-json\/wp\/v2\/product\/16777\/revisions\/16796"}],"wp:featuredmedia":[{"embeddable":true,"href":"https:\/\/www.bonevalermoveis.com.br\/home\/wp-json\/wp\/v2\/media\/16778"}],"wp:attachment":[{"href":"https:\/\/www.bonevalermoveis.com.br\/home\/wp-json\/wp\/v2\/media?parent=16777"}],"wp:term":[{"taxonomy":"product_brand","embeddable":true,"href":"https:\/\/www.bonevalermoveis.com.br\/home\/wp-json\/wp\/v2\/product_brand?post=16777"},{"taxonomy":"product_cat","embeddable":true,"href":"https:\/\/www.bonevalermoveis.com.br\/home\/wp-json\/wp\/v2\/product_cat?post=16777"},{"taxonomy":"product_tag","embeddable":true,"href":"https:\/\/www.bonevalermoveis.com.br\/home\/wp-json\/wp\/v2\/product_tag?post=16777"}],"curies":[{"name":"wp","href":"https:\/\/api.w.org\/{rel}","templated":true}]}}