{"id":16790,"date":"2024-06-25T16:34:17","date_gmt":"2024-06-25T19:34:17","guid":{"rendered":"https:\/\/www.bonevalermoveis.com.br\/home\/?post_type=product&#038;p=16790"},"modified":"2026-02-11T22:34:35","modified_gmt":"2026-02-12T01:34:35","slug":"conjunto-flora","status":"publish","type":"product","link":"https:\/\/www.bonevalermoveis.com.br\/home\/produto\/conjunto-flora\/","title":{"rendered":"Conjunto Flora"},"content":{"rendered":"","protected":false},"excerpt":{"rendered":"<p>Transforme seu espa\u00e7o externo com o Conjunto de Jantar &#8220;Flora&#8221;. Composto por uma mesa e quatro poltronas, este conjunto combina <strong>beleza e funcionalidade.<\/strong> Feito em alum\u00ednio tubular, fibra sint\u00e9tica e pintura eletrost\u00e1tica, sendo assim, <strong>dur\u00e1vel e resistente \u00e0s intemp\u00e9ries.<\/strong><\/p>\n<p>A mesa possui uma op\u00e7\u00e3o pr\u00e1tica de guarda-sol no centro, ideal para dias ensolarados. A bela trama das poltronas e da mesa adiciona um toque sofisticado ao design, garantindo conforto e estilo.<\/p>\n<p>Invista no Conjunto &#8220;Flora&#8221; e desfrute de momentos inesquec\u00edveis ao ar livre com qualidade e eleg\u00e2ncia.<\/p>\n","protected":false},"featured_media":16792,"template":"","meta":{"_joinchat":[]},"product_brand":[],"product_cat":[96,92],"product_tag":[],"class_list":{"0":"post-16790","1":"product","2":"type-product","3":"status-publish","4":"has-post-thumbnail","6":"product_cat-mesas","7":"product_cat-toda-a-loja","9":"first","10":"instock","11":"shipping-taxable","12":"purchasable","13":"product-type-simple"},"_links":{"self":[{"href":"https:\/\/www.bonevalermoveis.com.br\/home\/wp-json\/wp\/v2\/product\/16790","targetHints":{"allow":["GET"]}}],"collection":[{"href":"https:\/\/www.bonevalermoveis.com.br\/home\/wp-json\/wp\/v2\/product"}],"about":[{"href":"https:\/\/www.bonevalermoveis.com.br\/home\/wp-json\/wp\/v2\/types\/product"}],"version-history":[{"count":3,"href":"https:\/\/www.bonevalermoveis.com.br\/home\/wp-json\/wp\/v2\/product\/16790\/revisions"}],"predecessor-version":[{"id":18148,"href":"https:\/\/www.bonevalermoveis.com.br\/home\/wp-json\/wp\/v2\/product\/16790\/revisions\/18148"}],"wp:featuredmedia":[{"embeddable":true,"href":"https:\/\/www.bonevalermoveis.com.br\/home\/wp-json\/wp\/v2\/media\/16792"}],"wp:attachment":[{"href":"https:\/\/www.bonevalermoveis.com.br\/home\/wp-json\/wp\/v2\/media?parent=16790"}],"wp:term":[{"taxonomy":"product_brand","embeddable":true,"href":"https:\/\/www.bonevalermoveis.com.br\/home\/wp-json\/wp\/v2\/product_brand?post=16790"},{"taxonomy":"product_cat","embeddable":true,"href":"https:\/\/www.bonevalermoveis.com.br\/home\/wp-json\/wp\/v2\/product_cat?post=16790"},{"taxonomy":"product_tag","embeddable":true,"href":"https:\/\/www.bonevalermoveis.com.br\/home\/wp-json\/wp\/v2\/product_tag?post=16790"}],"curies":[{"name":"wp","href":"https:\/\/api.w.org\/{rel}","templated":true}]}}