{"id":16806,"date":"2024-06-27T11:22:30","date_gmt":"2024-06-27T14:22:30","guid":{"rendered":"https:\/\/www.bonevalermoveis.com.br\/home\/?post_type=product&#038;p=16806"},"modified":"2026-02-11T20:48:58","modified_gmt":"2026-02-11T23:48:58","slug":"balanco-lounge-cancun","status":"publish","type":"product","link":"https:\/\/www.bonevalermoveis.com.br\/home\/produto\/balanco-lounge-cancun\/","title":{"rendered":"Balan\u00e7o Lounge Canc\u00fan"},"content":{"rendered":"","protected":false},"excerpt":{"rendered":"<p>Descubra o conforto elevado com o <strong>Lounge Canc\u00fan<\/strong>. Como a vers\u00e3o maior e mais <strong>luxuosa<\/strong> do balan\u00e7o Canc\u00fan tradicional, este balan\u00e7o oferece um espa\u00e7o adicional e aconchego incompar\u00e1vel. Feito com corda n\u00e1utica de <strong>alta qualidade<\/strong> e uma estrutura robusta de alum\u00ednio, ele promete <strong>durabilidade e eleg\u00e2ncia<\/strong> para seu ambiente. Escolha entre o tecido Acquablock, resistente e f\u00e1cil de limpar, ou o sofisticado courino para um toque de luxo. Transforme seu espa\u00e7o em um verdadeiro o\u00e1sis de relaxamento com o Lounge Canc\u00fan e experimente o<strong> conforto<\/strong> que voc\u00ea merece.<\/p>\n<p>&nbsp;<\/p>\n<p>Personalize as cores do seu gosto e estilo, caso nossas medidas n\u00e3o te atendam, fazemos sobre medida exata para melhor adequar-se ao seu ambiente.<\/p>\n","protected":false},"featured_media":17883,"template":"","meta":{"_joinchat":[]},"product_brand":[],"product_cat":[87,92],"product_tag":[],"class_list":{"0":"post-16806","1":"product","2":"type-product","3":"status-publish","4":"has-post-thumbnail","6":"product_cat-balancos","7":"product_cat-toda-a-loja","9":"first","10":"instock","11":"shipping-taxable","12":"purchasable","13":"product-type-simple"},"_links":{"self":[{"href":"https:\/\/www.bonevalermoveis.com.br\/home\/wp-json\/wp\/v2\/product\/16806","targetHints":{"allow":["GET"]}}],"collection":[{"href":"https:\/\/www.bonevalermoveis.com.br\/home\/wp-json\/wp\/v2\/product"}],"about":[{"href":"https:\/\/www.bonevalermoveis.com.br\/home\/wp-json\/wp\/v2\/types\/product"}],"version-history":[{"count":2,"href":"https:\/\/www.bonevalermoveis.com.br\/home\/wp-json\/wp\/v2\/product\/16806\/revisions"}],"predecessor-version":[{"id":16834,"href":"https:\/\/www.bonevalermoveis.com.br\/home\/wp-json\/wp\/v2\/product\/16806\/revisions\/16834"}],"wp:featuredmedia":[{"embeddable":true,"href":"https:\/\/www.bonevalermoveis.com.br\/home\/wp-json\/wp\/v2\/media\/17883"}],"wp:attachment":[{"href":"https:\/\/www.bonevalermoveis.com.br\/home\/wp-json\/wp\/v2\/media?parent=16806"}],"wp:term":[{"taxonomy":"product_brand","embeddable":true,"href":"https:\/\/www.bonevalermoveis.com.br\/home\/wp-json\/wp\/v2\/product_brand?post=16806"},{"taxonomy":"product_cat","embeddable":true,"href":"https:\/\/www.bonevalermoveis.com.br\/home\/wp-json\/wp\/v2\/product_cat?post=16806"},{"taxonomy":"product_tag","embeddable":true,"href":"https:\/\/www.bonevalermoveis.com.br\/home\/wp-json\/wp\/v2\/product_tag?post=16806"}],"curies":[{"name":"wp","href":"https:\/\/api.w.org\/{rel}","templated":true}]}}