{"id":16997,"date":"2024-07-02T19:42:16","date_gmt":"2024-07-02T22:42:16","guid":{"rendered":"https:\/\/www.bonevalermoveis.com.br\/home\/?post_type=product&#038;p=16997"},"modified":"2026-02-11T22:18:51","modified_gmt":"2026-02-12T01:18:51","slug":"poltrona-roma","status":"publish","type":"product","link":"https:\/\/www.bonevalermoveis.com.br\/home\/produto\/poltrona-roma\/","title":{"rendered":"Poltrona Roma"},"content":{"rendered":"","protected":false},"excerpt":{"rendered":"<p>A poltrona &#8220;Roma&#8221; \u00e9 a personifica\u00e7\u00e3o da <strong>eleg\u00e2ncia e do conforto<\/strong> em uma pe\u00e7a \u00fanica. Feita \u00e0 m\u00e3o com fibra sint\u00e9tica de alta qualidade, ela exibe um trabalho artesanal minucioso que se traduz em durabilidade e beleza inigual\u00e1veis. Seus estofados em Acquablock Nome resist\u00eancia \u00e0 \u00e1gua e de facil limpeza, al\u00e9m de um toque macio e agrad\u00e1vel. Seu design atemporal se adapta facilmente a qualquer ambiente, seja ele interno ou externo, proporcionando um toque de charme e conforto incompar\u00e1veis. \u00c9 uma pe\u00e7a que agrega valor ao seu espa\u00e7o, oferecendo um lugar perfeito para relaxar e desfrutar dos melhores momentos.<\/p>\n<p>&nbsp;<\/p>\n<p>Personalize as cores do seu gosto e estilo, caso nossas medidas n\u00e3o te atendam, fazemos sobre medida exata para melhor adequar-se ao seu ambiente.<\/p>\n","protected":false},"featured_media":16998,"template":"","meta":{"_joinchat":[]},"product_brand":[],"product_cat":[94,92],"product_tag":[],"class_list":{"0":"post-16997","1":"product","2":"type-product","3":"status-publish","4":"has-post-thumbnail","6":"product_cat-poltronas","7":"product_cat-toda-a-loja","9":"first","10":"instock","11":"shipping-taxable","12":"purchasable","13":"product-type-simple"},"_links":{"self":[{"href":"https:\/\/www.bonevalermoveis.com.br\/home\/wp-json\/wp\/v2\/product\/16997","targetHints":{"allow":["GET"]}}],"collection":[{"href":"https:\/\/www.bonevalermoveis.com.br\/home\/wp-json\/wp\/v2\/product"}],"about":[{"href":"https:\/\/www.bonevalermoveis.com.br\/home\/wp-json\/wp\/v2\/types\/product"}],"version-history":[{"count":2,"href":"https:\/\/www.bonevalermoveis.com.br\/home\/wp-json\/wp\/v2\/product\/16997\/revisions"}],"predecessor-version":[{"id":18142,"href":"https:\/\/www.bonevalermoveis.com.br\/home\/wp-json\/wp\/v2\/product\/16997\/revisions\/18142"}],"wp:featuredmedia":[{"embeddable":true,"href":"https:\/\/www.bonevalermoveis.com.br\/home\/wp-json\/wp\/v2\/media\/16998"}],"wp:attachment":[{"href":"https:\/\/www.bonevalermoveis.com.br\/home\/wp-json\/wp\/v2\/media?parent=16997"}],"wp:term":[{"taxonomy":"product_brand","embeddable":true,"href":"https:\/\/www.bonevalermoveis.com.br\/home\/wp-json\/wp\/v2\/product_brand?post=16997"},{"taxonomy":"product_cat","embeddable":true,"href":"https:\/\/www.bonevalermoveis.com.br\/home\/wp-json\/wp\/v2\/product_cat?post=16997"},{"taxonomy":"product_tag","embeddable":true,"href":"https:\/\/www.bonevalermoveis.com.br\/home\/wp-json\/wp\/v2\/product_tag?post=16997"}],"curies":[{"name":"wp","href":"https:\/\/api.w.org\/{rel}","templated":true}]}}