{"id":17057,"date":"2024-07-25T19:06:17","date_gmt":"2024-07-25T22:06:17","guid":{"rendered":"https:\/\/www.bonevalermoveis.com.br\/home\/?post_type=product&#038;p=17057"},"modified":"2024-07-26T09:09:51","modified_gmt":"2024-07-26T12:09:51","slug":"ombrellone-central-em-madeira-com-base","status":"publish","type":"product","link":"https:\/\/www.bonevalermoveis.com.br\/home\/produto\/ombrellone-central-em-madeira-com-base\/","title":{"rendered":"Ombrellone Central em madeira"},"content":{"rendered":"","protected":false},"excerpt":{"rendered":"<p>Transforme seu espa\u00e7o ao ar livre com este ombrellone elegante e funcional.<\/p>\n<p>Com uma estrutura em madeira de alta qualidade, ele adiciona um toque de sofistica\u00e7\u00e3o natural. A lona em poli\u00e9ster com prote\u00e7\u00e3o UV garante sombra segura e dur\u00e1vel, protegendo voc\u00ea e sua fam\u00edlia dos raios solares.<\/p>\n<p>Acompanha uma base robusta e elegante, proporcionando estabilidade e complementando o design refinado. Imagine desfrutar de momentos ao ar livre com conforto e estilo, enquanto recebe elogios por seu bom gosto.<\/p>\n<p>&nbsp;<\/p>\n","protected":false},"featured_media":17058,"template":"","meta":{"_joinchat":[]},"product_brand":[],"product_cat":[91,92],"product_tag":[],"class_list":{"0":"post-17057","1":"product","2":"type-product","3":"status-publish","4":"has-post-thumbnail","6":"product_cat-ombrelones","7":"product_cat-toda-a-loja","9":"first","10":"instock","11":"shipping-taxable","12":"purchasable","13":"product-type-simple"},"_links":{"self":[{"href":"https:\/\/www.bonevalermoveis.com.br\/home\/wp-json\/wp\/v2\/product\/17057","targetHints":{"allow":["GET"]}}],"collection":[{"href":"https:\/\/www.bonevalermoveis.com.br\/home\/wp-json\/wp\/v2\/product"}],"about":[{"href":"https:\/\/www.bonevalermoveis.com.br\/home\/wp-json\/wp\/v2\/types\/product"}],"version-history":[{"count":2,"href":"https:\/\/www.bonevalermoveis.com.br\/home\/wp-json\/wp\/v2\/product\/17057\/revisions"}],"predecessor-version":[{"id":17068,"href":"https:\/\/www.bonevalermoveis.com.br\/home\/wp-json\/wp\/v2\/product\/17057\/revisions\/17068"}],"wp:featuredmedia":[{"embeddable":true,"href":"https:\/\/www.bonevalermoveis.com.br\/home\/wp-json\/wp\/v2\/media\/17058"}],"wp:attachment":[{"href":"https:\/\/www.bonevalermoveis.com.br\/home\/wp-json\/wp\/v2\/media?parent=17057"}],"wp:term":[{"taxonomy":"product_brand","embeddable":true,"href":"https:\/\/www.bonevalermoveis.com.br\/home\/wp-json\/wp\/v2\/product_brand?post=17057"},{"taxonomy":"product_cat","embeddable":true,"href":"https:\/\/www.bonevalermoveis.com.br\/home\/wp-json\/wp\/v2\/product_cat?post=17057"},{"taxonomy":"product_tag","embeddable":true,"href":"https:\/\/www.bonevalermoveis.com.br\/home\/wp-json\/wp\/v2\/product_tag?post=17057"}],"curies":[{"name":"wp","href":"https:\/\/api.w.org\/{rel}","templated":true}]}}