{"id":17180,"date":"2024-08-27T15:52:51","date_gmt":"2024-08-27T18:52:51","guid":{"rendered":"https:\/\/www.bonevalermoveis.com.br\/home\/?post_type=product&#038;p=17180"},"modified":"2025-07-20T16:23:47","modified_gmt":"2025-07-20T19:23:47","slug":"poltrona-angelina","status":"publish","type":"product","link":"https:\/\/www.bonevalermoveis.com.br\/home\/produto\/poltrona-angelina\/","title":{"rendered":"Poltrona Angelina"},"content":{"rendered":"","protected":false},"excerpt":{"rendered":"<p>A Poltrona Flora, da loja Bonevaler, \u00e9 a perfeita combina\u00e7\u00e3o de eleg\u00e2ncia e durabilidade. Com estrutura robusta em alum\u00ednio e pintura eletrost\u00e1tica de alta qualidade, ela oferece resist\u00eancia incompar\u00e1vel ao desgaste e \u00e0s intemp\u00e9ries. A trama em fibra sint\u00e9tica, cuidadosamente entrela\u00e7ada, proporciona conforto e um toque sofisticado, ideal para qualquer ambiente. Criada com os melhores materiais do mercado, a Poltrona Flora n\u00e3o \u00e9 apenas uma pe\u00e7a de mobili\u00e1rio, mas um verdadeiro investimento em estilo e qualidade. Transforme seu espa\u00e7o com a Poltrona Flora e sinta o luxo em cada detalhe.<\/p>\n<p>&nbsp;<\/p>\n<p>Personalize as cores do seu gosto e estilo, caso nossas medidas n\u00e3o te atendam, fazemos sobre medida exata para melhor adequar-se ao seu ambiente.<\/p>\n","protected":false},"featured_media":17181,"template":"","meta":{"_joinchat":[]},"product_brand":[],"product_cat":[94,92],"product_tag":[],"class_list":{"0":"post-17180","1":"product","2":"type-product","3":"status-publish","4":"has-post-thumbnail","6":"product_cat-poltronas","7":"product_cat-toda-a-loja","9":"first","10":"instock","11":"shipping-taxable","12":"purchasable","13":"product-type-simple"},"_links":{"self":[{"href":"https:\/\/www.bonevalermoveis.com.br\/home\/wp-json\/wp\/v2\/product\/17180","targetHints":{"allow":["GET"]}}],"collection":[{"href":"https:\/\/www.bonevalermoveis.com.br\/home\/wp-json\/wp\/v2\/product"}],"about":[{"href":"https:\/\/www.bonevalermoveis.com.br\/home\/wp-json\/wp\/v2\/types\/product"}],"version-history":[{"count":2,"href":"https:\/\/www.bonevalermoveis.com.br\/home\/wp-json\/wp\/v2\/product\/17180\/revisions"}],"predecessor-version":[{"id":17194,"href":"https:\/\/www.bonevalermoveis.com.br\/home\/wp-json\/wp\/v2\/product\/17180\/revisions\/17194"}],"wp:featuredmedia":[{"embeddable":true,"href":"https:\/\/www.bonevalermoveis.com.br\/home\/wp-json\/wp\/v2\/media\/17181"}],"wp:attachment":[{"href":"https:\/\/www.bonevalermoveis.com.br\/home\/wp-json\/wp\/v2\/media?parent=17180"}],"wp:term":[{"taxonomy":"product_brand","embeddable":true,"href":"https:\/\/www.bonevalermoveis.com.br\/home\/wp-json\/wp\/v2\/product_brand?post=17180"},{"taxonomy":"product_cat","embeddable":true,"href":"https:\/\/www.bonevalermoveis.com.br\/home\/wp-json\/wp\/v2\/product_cat?post=17180"},{"taxonomy":"product_tag","embeddable":true,"href":"https:\/\/www.bonevalermoveis.com.br\/home\/wp-json\/wp\/v2\/product_tag?post=17180"}],"curies":[{"name":"wp","href":"https:\/\/api.w.org\/{rel}","templated":true}]}}