{"id":17256,"date":"2024-09-19T18:22:33","date_gmt":"2024-09-19T21:22:33","guid":{"rendered":"https:\/\/www.bonevalermoveis.com.br\/home\/?post_type=product&#038;p=17256"},"modified":"2026-02-11T22:37:03","modified_gmt":"2026-02-12T01:37:03","slug":"17256","status":"publish","type":"product","link":"https:\/\/www.bonevalermoveis.com.br\/home\/produto\/17256\/","title":{"rendered":"Conjunto Viena"},"content":{"rendered":"","protected":false},"excerpt":{"rendered":"<p>Apresentamos o Conjunto Viena, uma escolha sofisticada e dur\u00e1vel para transformar seu ambiente externo. Composto por 4 poltronas feitas em alum\u00ednio de <strong>alta qualidade<\/strong> e pintura eletrost\u00e1tica, o conjunto garante resist\u00eancia ao tempo e<strong> longa durabilidade<\/strong>. A trama em corda n\u00e1utica confere um <strong>visual artesanal e elegante<\/strong>, oferecendo <strong>charme e exclusividade.<\/strong><\/p>\n<p>As almofadas revestidas com tecido em corda n\u00e1utica completam o conforto, oferecendo um toque macio e resistente \u00e0 \u00e1gua. A mesa central, tamb\u00e9m em alum\u00ednio com pintura eletrost\u00e1tica, \u00e9 o complemento perfeito para tornar o ambiente pr\u00e1tico e convidativo.<\/p>\n<p>Com o Conjunto Viena, voc\u00ea eleva o estilo do seu espa\u00e7o e proporciona conforto de alta qualidade para momentos de lazer e descontra\u00e7\u00e3o. Invista em sofistica\u00e7\u00e3o, durabilidade e design \u00fanico.<\/p>\n<p>&nbsp;<\/p>\n<p>Personalize as cores do seu gosto e estilo, caso nossas medidas n\u00e3o te atendam, fazemos sobre medida exata para melhor adequar-se ao seu ambiente.<\/p>\n","protected":false},"featured_media":17262,"template":"","meta":{"_joinchat":[]},"product_brand":[],"product_cat":[96,92],"product_tag":[],"class_list":{"0":"post-17256","1":"product","2":"type-product","3":"status-publish","4":"has-post-thumbnail","6":"product_cat-mesas","7":"product_cat-toda-a-loja","9":"first","10":"instock","11":"shipping-taxable","12":"purchasable","13":"product-type-simple"},"_links":{"self":[{"href":"https:\/\/www.bonevalermoveis.com.br\/home\/wp-json\/wp\/v2\/product\/17256","targetHints":{"allow":["GET"]}}],"collection":[{"href":"https:\/\/www.bonevalermoveis.com.br\/home\/wp-json\/wp\/v2\/product"}],"about":[{"href":"https:\/\/www.bonevalermoveis.com.br\/home\/wp-json\/wp\/v2\/types\/product"}],"version-history":[{"count":2,"href":"https:\/\/www.bonevalermoveis.com.br\/home\/wp-json\/wp\/v2\/product\/17256\/revisions"}],"predecessor-version":[{"id":17271,"href":"https:\/\/www.bonevalermoveis.com.br\/home\/wp-json\/wp\/v2\/product\/17256\/revisions\/17271"}],"wp:featuredmedia":[{"embeddable":true,"href":"https:\/\/www.bonevalermoveis.com.br\/home\/wp-json\/wp\/v2\/media\/17262"}],"wp:attachment":[{"href":"https:\/\/www.bonevalermoveis.com.br\/home\/wp-json\/wp\/v2\/media?parent=17256"}],"wp:term":[{"taxonomy":"product_brand","embeddable":true,"href":"https:\/\/www.bonevalermoveis.com.br\/home\/wp-json\/wp\/v2\/product_brand?post=17256"},{"taxonomy":"product_cat","embeddable":true,"href":"https:\/\/www.bonevalermoveis.com.br\/home\/wp-json\/wp\/v2\/product_cat?post=17256"},{"taxonomy":"product_tag","embeddable":true,"href":"https:\/\/www.bonevalermoveis.com.br\/home\/wp-json\/wp\/v2\/product_tag?post=17256"}],"curies":[{"name":"wp","href":"https:\/\/api.w.org\/{rel}","templated":true}]}}