{"id":17325,"date":"2024-12-18T21:11:01","date_gmt":"2024-12-19T00:11:01","guid":{"rendered":"https:\/\/www.bonevalermoveis.com.br\/home\/?post_type=product&#038;p=17325"},"modified":"2025-07-20T16:13:49","modified_gmt":"2025-07-20T19:13:49","slug":"poltrona-arezzo","status":"publish","type":"product","link":"https:\/\/www.bonevalermoveis.com.br\/home\/produto\/poltrona-arezzo\/","title":{"rendered":"Poltrona Arezzo"},"content":{"rendered":"","protected":false},"excerpt":{"rendered":"<p>A combina\u00e7\u00e3o perfeita de\u00a0<strong>eleg\u00e2ncia, durabilidade e conforto.<\/strong>\u00a0 Tem sua estrutura em alum\u00ednio com pintura, assim podendo ser utilizada em ambientes externos e internos, a pintura eletrost\u00e1tica oferece resist\u00eancia e leveza, tornando-a ideal para qualquer espa\u00e7o. O destaque fica por conta da trama em corda n\u00e1utica da\u00a0<strong>melhor qualidade do mercado<\/strong>, proporcionando um visual moderno e um conforto incompar\u00e1vel. Essa poltrona n\u00e3o \u00e9 apenas um m\u00f3vel, mas uma experi\u00eancia de relaxamento e estilo. transforme seu ambiente com requinte e aconchego!<\/p>\n<p>&nbsp;<\/p>\n<p>Personalize as cores do seu gosto e estilo, caso nossas medidas n\u00e3o te atendam, fazemos sobre medida exata para melhor adequar-se ao seu ambiente.<\/p>\n","protected":false},"featured_media":17329,"template":"","meta":{"_joinchat":[]},"product_brand":[],"product_cat":[94,92],"product_tag":[],"class_list":{"0":"post-17325","1":"product","2":"type-product","3":"status-publish","4":"has-post-thumbnail","6":"product_cat-poltronas","7":"product_cat-toda-a-loja","9":"first","10":"instock","11":"shipping-taxable","12":"purchasable","13":"product-type-simple"},"_links":{"self":[{"href":"https:\/\/www.bonevalermoveis.com.br\/home\/wp-json\/wp\/v2\/product\/17325","targetHints":{"allow":["GET"]}}],"collection":[{"href":"https:\/\/www.bonevalermoveis.com.br\/home\/wp-json\/wp\/v2\/product"}],"about":[{"href":"https:\/\/www.bonevalermoveis.com.br\/home\/wp-json\/wp\/v2\/types\/product"}],"version-history":[{"count":1,"href":"https:\/\/www.bonevalermoveis.com.br\/home\/wp-json\/wp\/v2\/product\/17325\/revisions"}],"predecessor-version":[{"id":17332,"href":"https:\/\/www.bonevalermoveis.com.br\/home\/wp-json\/wp\/v2\/product\/17325\/revisions\/17332"}],"wp:featuredmedia":[{"embeddable":true,"href":"https:\/\/www.bonevalermoveis.com.br\/home\/wp-json\/wp\/v2\/media\/17329"}],"wp:attachment":[{"href":"https:\/\/www.bonevalermoveis.com.br\/home\/wp-json\/wp\/v2\/media?parent=17325"}],"wp:term":[{"taxonomy":"product_brand","embeddable":true,"href":"https:\/\/www.bonevalermoveis.com.br\/home\/wp-json\/wp\/v2\/product_brand?post=17325"},{"taxonomy":"product_cat","embeddable":true,"href":"https:\/\/www.bonevalermoveis.com.br\/home\/wp-json\/wp\/v2\/product_cat?post=17325"},{"taxonomy":"product_tag","embeddable":true,"href":"https:\/\/www.bonevalermoveis.com.br\/home\/wp-json\/wp\/v2\/product_tag?post=17325"}],"curies":[{"name":"wp","href":"https:\/\/api.w.org\/{rel}","templated":true}]}}