{"id":17344,"date":"2024-12-29T20:17:54","date_gmt":"2024-12-29T23:17:54","guid":{"rendered":"https:\/\/www.bonevalermoveis.com.br\/home\/?post_type=product&#038;p=17344"},"modified":"2026-02-08T20:53:46","modified_gmt":"2026-02-08T23:53:46","slug":"espreguicadeira-arezzo","status":"publish","type":"product","link":"https:\/\/www.bonevalermoveis.com.br\/home\/produto\/espreguicadeira-arezzo\/","title":{"rendered":"Espregui\u00e7adeira Arezzo"},"content":{"rendered":"","protected":false},"excerpt":{"rendered":"<p><strong>A Espregui\u00e7adeira Arezzo<\/strong>, a escolha perfeita para transformar sua \u00e1rea externa em um ambiente sofisticado e aconchegante.<\/p>\n<p>Fabricada com uma estrutura inteiramente em <strong>alum\u00ednio<\/strong> e acabamento em <strong>pintura eletrost\u00e1tica<\/strong>, a Arezzo oferece leveza, resist\u00eancia e durabilidade incompar\u00e1veis. Sua trama, cuidadosamente trabalhada em <strong>corda n\u00e1utica de alta qualidade<\/strong>, adiciona um toque de eleg\u00e2ncia e exclusividade, al\u00e9m de proporcionar conforto excepcional para momentos de relaxamento.<\/p>\n<p>Combinando design contempor\u00e2neo e funcionalidade, a Espregui\u00e7adeira Arezzo \u00e9 ideal para varandas, jardins ou \u00e0 beira da piscina. Invista em um m\u00f3vel que une sofistica\u00e7\u00e3o e conforto, pensado para elevar o padr\u00e3o de qualquer ambiente externo.<\/p>\n<p>&nbsp;<\/p>\n<p>Personalize as cores do seu gosto e estilo, caso nossas medidas n\u00e3o te atendam, fazemos sobre medida exata para melhor adequar-se ao seu ambiente.<\/p>\n","protected":false},"featured_media":17345,"template":"","meta":{"_joinchat":[]},"product_brand":[],"product_cat":[80,92],"product_tag":[],"class_list":{"0":"post-17344","1":"product","2":"type-product","3":"status-publish","4":"has-post-thumbnail","6":"product_cat-espreguicadeira","7":"product_cat-toda-a-loja","9":"first","10":"instock","11":"shipping-taxable","12":"purchasable","13":"product-type-simple"},"_links":{"self":[{"href":"https:\/\/www.bonevalermoveis.com.br\/home\/wp-json\/wp\/v2\/product\/17344","targetHints":{"allow":["GET"]}}],"collection":[{"href":"https:\/\/www.bonevalermoveis.com.br\/home\/wp-json\/wp\/v2\/product"}],"about":[{"href":"https:\/\/www.bonevalermoveis.com.br\/home\/wp-json\/wp\/v2\/types\/product"}],"version-history":[{"count":1,"href":"https:\/\/www.bonevalermoveis.com.br\/home\/wp-json\/wp\/v2\/product\/17344\/revisions"}],"predecessor-version":[{"id":17352,"href":"https:\/\/www.bonevalermoveis.com.br\/home\/wp-json\/wp\/v2\/product\/17344\/revisions\/17352"}],"wp:featuredmedia":[{"embeddable":true,"href":"https:\/\/www.bonevalermoveis.com.br\/home\/wp-json\/wp\/v2\/media\/17345"}],"wp:attachment":[{"href":"https:\/\/www.bonevalermoveis.com.br\/home\/wp-json\/wp\/v2\/media?parent=17344"}],"wp:term":[{"taxonomy":"product_brand","embeddable":true,"href":"https:\/\/www.bonevalermoveis.com.br\/home\/wp-json\/wp\/v2\/product_brand?post=17344"},{"taxonomy":"product_cat","embeddable":true,"href":"https:\/\/www.bonevalermoveis.com.br\/home\/wp-json\/wp\/v2\/product_cat?post=17344"},{"taxonomy":"product_tag","embeddable":true,"href":"https:\/\/www.bonevalermoveis.com.br\/home\/wp-json\/wp\/v2\/product_tag?post=17344"}],"curies":[{"name":"wp","href":"https:\/\/api.w.org\/{rel}","templated":true}]}}