{"id":17365,"date":"2024-12-29T20:37:39","date_gmt":"2024-12-29T23:37:39","guid":{"rendered":"https:\/\/www.bonevalermoveis.com.br\/home\/?post_type=product&#038;p=17365"},"modified":"2025-07-20T14:19:42","modified_gmt":"2025-07-20T17:19:42","slug":"conjunto-arezzo-em-aluminio","status":"publish","type":"product","link":"https:\/\/www.bonevalermoveis.com.br\/home\/produto\/conjunto-arezzo-em-aluminio\/","title":{"rendered":"Conjunto Arezzo em Alum\u00ednio"},"content":{"rendered":"","protected":false},"excerpt":{"rendered":"<p>Apresentamos o <strong>Conjunto de Mesa Arezzo<\/strong>, uma combina\u00e7\u00e3o perfeita de eleg\u00e2ncia, conforto e funcionalidade para transformar seus ambientes externos. A mesa, feita em alum\u00ednio com pintura eletrost\u00e1tica, destaca-se pela leveza, resist\u00eancia e acabamento impec\u00e1vel. As seis poltronas que acompanham o conjunto possuem estrutura em alum\u00ednio com o mesmo padr\u00e3o de pintura, complementadas por uma trama refinada em corda n\u00e1utica de alta qualidade, conforto sofistica\u00e7\u00e3o.<\/p>\n<p>Este conjunto \u00e9 ideal, \u00e1reas de lazer ou espa\u00e7os gourmet, oferecendo durabilidade e um design que valoriza qualquer ambiente. O Conjunto de Mesa Arezzo \u00e9 a escolha perfeita para quem busca aliar estilo e qualidade em momentos.<\/p>\n<p>&nbsp;<\/p>\n<p>Personalize as cores do seu gosto e estilo, caso nossas medidas n\u00e3o te atendam, fazemos sobre medida exata para melhor adequar-se ao seu ambiente.<\/p>\n","protected":false},"featured_media":17366,"template":"","meta":{"_joinchat":[]},"product_brand":[],"product_cat":[96,92],"product_tag":[],"class_list":{"0":"post-17365","1":"product","2":"type-product","3":"status-publish","4":"has-post-thumbnail","6":"product_cat-mesas","7":"product_cat-toda-a-loja","9":"first","10":"instock","11":"shipping-taxable","12":"purchasable","13":"product-type-simple"},"_links":{"self":[{"href":"https:\/\/www.bonevalermoveis.com.br\/home\/wp-json\/wp\/v2\/product\/17365","targetHints":{"allow":["GET"]}}],"collection":[{"href":"https:\/\/www.bonevalermoveis.com.br\/home\/wp-json\/wp\/v2\/product"}],"about":[{"href":"https:\/\/www.bonevalermoveis.com.br\/home\/wp-json\/wp\/v2\/types\/product"}],"version-history":[{"count":3,"href":"https:\/\/www.bonevalermoveis.com.br\/home\/wp-json\/wp\/v2\/product\/17365\/revisions"}],"predecessor-version":[{"id":17759,"href":"https:\/\/www.bonevalermoveis.com.br\/home\/wp-json\/wp\/v2\/product\/17365\/revisions\/17759"}],"wp:featuredmedia":[{"embeddable":true,"href":"https:\/\/www.bonevalermoveis.com.br\/home\/wp-json\/wp\/v2\/media\/17366"}],"wp:attachment":[{"href":"https:\/\/www.bonevalermoveis.com.br\/home\/wp-json\/wp\/v2\/media?parent=17365"}],"wp:term":[{"taxonomy":"product_brand","embeddable":true,"href":"https:\/\/www.bonevalermoveis.com.br\/home\/wp-json\/wp\/v2\/product_brand?post=17365"},{"taxonomy":"product_cat","embeddable":true,"href":"https:\/\/www.bonevalermoveis.com.br\/home\/wp-json\/wp\/v2\/product_cat?post=17365"},{"taxonomy":"product_tag","embeddable":true,"href":"https:\/\/www.bonevalermoveis.com.br\/home\/wp-json\/wp\/v2\/product_tag?post=17365"}],"curies":[{"name":"wp","href":"https:\/\/api.w.org\/{rel}","templated":true}]}}