{"id":17377,"date":"2024-12-29T21:25:16","date_gmt":"2024-12-30T00:25:16","guid":{"rendered":"https:\/\/www.bonevalermoveis.com.br\/home\/?post_type=product&#038;p=17377"},"modified":"2025-08-24T18:55:44","modified_gmt":"2025-08-24T21:55:44","slug":"mesa-ripada-retangular-arezzo-em-tela-sling","status":"publish","type":"product","link":"https:\/\/www.bonevalermoveis.com.br\/home\/produto\/mesa-ripada-retangular-arezzo-em-tela-sling\/","title":{"rendered":"Conjunto Retangular Canad\u00e1 em tela Sling"},"content":{"rendered":"","protected":false},"excerpt":{"rendered":"<p>O Conjunto de Mesa Arezzo em tela sling \u00e9 a escolha ideal para quem busca aliar sofistica\u00e7\u00e3o e praticidade em \u00e1reas externas. A mesa retangular, com design ripado e estrutura em alum\u00ednio tubular, apresenta um acabamento impec\u00e1vel gra\u00e7as \u00e0 pintura eletrost\u00e1tica, que garante durabilidade e resist\u00eancia.<\/p>\n<p>As seis poltronas que acompanham o conjunto s\u00e3o um verdadeiro destaque, combinando estrutura em alum\u00ednio com assentos em tela sling de alta qualidade e bra\u00e7os em madeira, que conferem um toque<\/p>\n<p>Perfeito para varandas, \u00e1reas gourmet ou espa\u00e7os externos, o Conjunto de Mesa Arezzo oferece conforto, estilo e a garantia de materiais de alt\u00edssima qualidade para momentos inesquec\u00edveis.<\/p>\n<p>&nbsp;<\/p>\n<p>Personalize as cores do seu gosto e estilo, caso nossas medidas n\u00e3o te atendam, fazemos sobre medida exata para melhor adequar-se ao seu ambiente.<\/p>\n","protected":false},"featured_media":17380,"template":"","meta":{"_joinchat":[]},"product_brand":[],"product_cat":[96,97,92],"product_tag":[],"class_list":{"0":"post-17377","1":"product","2":"type-product","3":"status-publish","4":"has-post-thumbnail","6":"product_cat-mesas","7":"product_cat-moveis-em-tela-sling","8":"product_cat-toda-a-loja","10":"first","11":"instock","12":"shipping-taxable","13":"purchasable","14":"product-type-simple"},"_links":{"self":[{"href":"https:\/\/www.bonevalermoveis.com.br\/home\/wp-json\/wp\/v2\/product\/17377","targetHints":{"allow":["GET"]}}],"collection":[{"href":"https:\/\/www.bonevalermoveis.com.br\/home\/wp-json\/wp\/v2\/product"}],"about":[{"href":"https:\/\/www.bonevalermoveis.com.br\/home\/wp-json\/wp\/v2\/types\/product"}],"version-history":[{"count":5,"href":"https:\/\/www.bonevalermoveis.com.br\/home\/wp-json\/wp\/v2\/product\/17377\/revisions"}],"predecessor-version":[{"id":17881,"href":"https:\/\/www.bonevalermoveis.com.br\/home\/wp-json\/wp\/v2\/product\/17377\/revisions\/17881"}],"wp:featuredmedia":[{"embeddable":true,"href":"https:\/\/www.bonevalermoveis.com.br\/home\/wp-json\/wp\/v2\/media\/17380"}],"wp:attachment":[{"href":"https:\/\/www.bonevalermoveis.com.br\/home\/wp-json\/wp\/v2\/media?parent=17377"}],"wp:term":[{"taxonomy":"product_brand","embeddable":true,"href":"https:\/\/www.bonevalermoveis.com.br\/home\/wp-json\/wp\/v2\/product_brand?post=17377"},{"taxonomy":"product_cat","embeddable":true,"href":"https:\/\/www.bonevalermoveis.com.br\/home\/wp-json\/wp\/v2\/product_cat?post=17377"},{"taxonomy":"product_tag","embeddable":true,"href":"https:\/\/www.bonevalermoveis.com.br\/home\/wp-json\/wp\/v2\/product_tag?post=17377"}],"curies":[{"name":"wp","href":"https:\/\/api.w.org\/{rel}","templated":true}]}}