{"id":17427,"date":"2025-03-13T12:22:09","date_gmt":"2025-03-13T15:22:09","guid":{"rendered":"https:\/\/www.bonevalermoveis.com.br\/home\/?post_type=product&#038;p=17427"},"modified":"2025-07-20T16:10:39","modified_gmt":"2025-07-20T19:10:39","slug":"espreguicadeira-veneza","status":"publish","type":"product","link":"https:\/\/www.bonevalermoveis.com.br\/home\/produto\/espreguicadeira-veneza\/","title":{"rendered":"Espregui\u00e7adeira Veneza"},"content":{"rendered":"","protected":false},"excerpt":{"rendered":"<p data-start=\"0\" data-end=\"326\">Apresentamos a <strong data-start=\"15\" data-end=\"41\">Espregui\u00e7adeira Veneza<\/strong> da Bonevaler M\u00f3veis, uma pe\u00e7a que oferece sofistica\u00e7\u00e3o, conforto e durabilidade para transformar seus momentos de descanso. Com um design elegante, sua trama em <strong data-start=\"199\" data-end=\"239\">corda n\u00e1utica disposta verticalmente<\/strong> proporciona um visual exclusivo e moderno, agregando charme a qualquer espa\u00e7o externo.<\/p>\n<p data-start=\"328\" data-end=\"758\" data-is-last-node=\"\" data-is-only-node=\"\">A estrutura em <strong data-start=\"343\" data-end=\"355\">alum\u00ednio<\/strong> com pintura eletrost\u00e1tica garante resist\u00eancia ao tempo, enquanto os estofados em <strong data-start=\"443\" data-end=\"464\">tecido Acquablock<\/strong> oferecem toque e alta durabilidade. Al\u00e9m disso, sua espuma super macia e confort\u00e1vel torna cada momento de relaxamento ainda mais prazeroso. Seja \u00e0 beira da piscina ou no seu espa\u00e7o de lazer, a <strong data-start=\"672\" data-end=\"698\">Espregui\u00e7adeira Veneza<\/strong> \u00e9 a escolha perfeita para quem busca elegante e bem estar!<\/p>\n<p data-start=\"328\" data-end=\"758\" data-is-last-node=\"\" data-is-only-node=\"\">Personalize as cores do seu gosto e estilo, caso nossas medidas n\u00e3o te atendam, fazemos sobre medida exata para melhor adequar-se ao seu ambiente.<\/p>\n","protected":false},"featured_media":17428,"template":"","meta":{"_joinchat":[]},"product_brand":[],"product_cat":[80,92],"product_tag":[],"class_list":{"0":"post-17427","1":"product","2":"type-product","3":"status-publish","4":"has-post-thumbnail","6":"product_cat-espreguicadeira","7":"product_cat-toda-a-loja","9":"first","10":"instock","11":"shipping-taxable","12":"purchasable","13":"product-type-simple"},"_links":{"self":[{"href":"https:\/\/www.bonevalermoveis.com.br\/home\/wp-json\/wp\/v2\/product\/17427","targetHints":{"allow":["GET"]}}],"collection":[{"href":"https:\/\/www.bonevalermoveis.com.br\/home\/wp-json\/wp\/v2\/product"}],"about":[{"href":"https:\/\/www.bonevalermoveis.com.br\/home\/wp-json\/wp\/v2\/types\/product"}],"version-history":[{"count":2,"href":"https:\/\/www.bonevalermoveis.com.br\/home\/wp-json\/wp\/v2\/product\/17427\/revisions"}],"predecessor-version":[{"id":17711,"href":"https:\/\/www.bonevalermoveis.com.br\/home\/wp-json\/wp\/v2\/product\/17427\/revisions\/17711"}],"wp:featuredmedia":[{"embeddable":true,"href":"https:\/\/www.bonevalermoveis.com.br\/home\/wp-json\/wp\/v2\/media\/17428"}],"wp:attachment":[{"href":"https:\/\/www.bonevalermoveis.com.br\/home\/wp-json\/wp\/v2\/media?parent=17427"}],"wp:term":[{"taxonomy":"product_brand","embeddable":true,"href":"https:\/\/www.bonevalermoveis.com.br\/home\/wp-json\/wp\/v2\/product_brand?post=17427"},{"taxonomy":"product_cat","embeddable":true,"href":"https:\/\/www.bonevalermoveis.com.br\/home\/wp-json\/wp\/v2\/product_cat?post=17427"},{"taxonomy":"product_tag","embeddable":true,"href":"https:\/\/www.bonevalermoveis.com.br\/home\/wp-json\/wp\/v2\/product_tag?post=17427"}],"curies":[{"name":"wp","href":"https:\/\/api.w.org\/{rel}","templated":true}]}}