{"id":17456,"date":"2025-04-13T18:21:50","date_gmt":"2025-04-13T21:21:50","guid":{"rendered":"https:\/\/www.bonevalermoveis.com.br\/home\/?post_type=product&#038;p=17456"},"modified":"2026-02-11T22:24:07","modified_gmt":"2026-02-12T01:24:07","slug":"poltrona-soberano","status":"publish","type":"product","link":"https:\/\/www.bonevalermoveis.com.br\/home\/produto\/poltrona-soberano\/","title":{"rendered":"Poltrona Soberano"},"content":{"rendered":"","protected":false},"excerpt":{"rendered":"<p class=\"\" data-start=\"0\" data-end=\"416\">A <strong data-start=\"2\" data-end=\"23\">Poltrona Soberano<\/strong> \u00e9 a express\u00e3o m\u00e1xima de sofistica\u00e7\u00e3o, impon\u00eancia e conforto com um design envolvente que abra\u00e7a o corpo. Um verdadeiro \u00edcone contempor\u00e2neo, ela combina um visual impactante com o que h\u00e1 de melhor em materiais e acabamentos. Sua estrutura em <strong data-start=\"231\" data-end=\"269\">alum\u00ednio com pintura eletrost\u00e1tica<\/strong> garante durabilidade e resist\u00eancia, enquanto a trama artesanal em <strong data-start=\"336\" data-end=\"371\">corda n\u00e1utica de alta qualidade<\/strong> refor\u00e7a sua identidade elegante e imponente.<\/p>\n<p class=\"\" data-start=\"418\" data-end=\"738\">Seus estofados confort\u00e1veis, acompanhados de uma almofada charmosa que complementa a experi\u00eancia de descanso. Tudo isso revestido com <strong data-start=\"568\" data-end=\"601\">tecido Acquablock imperme\u00e1vel<\/strong>, de f\u00e1cil limpeza ideal para \u00e1reas externas e ambientes sofisticados. A Poltrona Soberano n\u00e3o \u00e9 apenas um m\u00f3vel \u00e9 uma declara\u00e7\u00e3o de estilo e bom gosto.<\/p>\n<p data-start=\"418\" data-end=\"738\">Personalize as cores do seu gosto e estilo, caso nossas medidas n\u00e3o te atendam, fazemos sobre medida exata para melhor adequar-se ao seu ambiente.<\/p>\n","protected":false},"featured_media":17457,"template":"","meta":{"_joinchat":[]},"product_brand":[],"product_cat":[94,92],"product_tag":[],"class_list":{"0":"post-17456","1":"product","2":"type-product","3":"status-publish","4":"has-post-thumbnail","6":"product_cat-poltronas","7":"product_cat-toda-a-loja","9":"first","10":"instock","11":"shipping-taxable","12":"purchasable","13":"product-type-simple"},"_links":{"self":[{"href":"https:\/\/www.bonevalermoveis.com.br\/home\/wp-json\/wp\/v2\/product\/17456","targetHints":{"allow":["GET"]}}],"collection":[{"href":"https:\/\/www.bonevalermoveis.com.br\/home\/wp-json\/wp\/v2\/product"}],"about":[{"href":"https:\/\/www.bonevalermoveis.com.br\/home\/wp-json\/wp\/v2\/types\/product"}],"version-history":[{"count":3,"href":"https:\/\/www.bonevalermoveis.com.br\/home\/wp-json\/wp\/v2\/product\/17456\/revisions"}],"predecessor-version":[{"id":18145,"href":"https:\/\/www.bonevalermoveis.com.br\/home\/wp-json\/wp\/v2\/product\/17456\/revisions\/18145"}],"wp:featuredmedia":[{"embeddable":true,"href":"https:\/\/www.bonevalermoveis.com.br\/home\/wp-json\/wp\/v2\/media\/17457"}],"wp:attachment":[{"href":"https:\/\/www.bonevalermoveis.com.br\/home\/wp-json\/wp\/v2\/media?parent=17456"}],"wp:term":[{"taxonomy":"product_brand","embeddable":true,"href":"https:\/\/www.bonevalermoveis.com.br\/home\/wp-json\/wp\/v2\/product_brand?post=17456"},{"taxonomy":"product_cat","embeddable":true,"href":"https:\/\/www.bonevalermoveis.com.br\/home\/wp-json\/wp\/v2\/product_cat?post=17456"},{"taxonomy":"product_tag","embeddable":true,"href":"https:\/\/www.bonevalermoveis.com.br\/home\/wp-json\/wp\/v2\/product_tag?post=17456"}],"curies":[{"name":"wp","href":"https:\/\/api.w.org\/{rel}","templated":true}]}}