{"id":17736,"date":"2025-06-19T15:30:43","date_gmt":"2025-06-19T18:30:43","guid":{"rendered":"https:\/\/www.bonevalermoveis.com.br\/home\/?post_type=product&#038;p=17736"},"modified":"2026-02-11T21:01:48","modified_gmt":"2026-02-12T00:01:48","slug":"concha-veneza","status":"publish","type":"product","link":"https:\/\/www.bonevalermoveis.com.br\/home\/produto\/concha-veneza\/","title":{"rendered":"Concha Veneza"},"content":{"rendered":"","protected":false},"excerpt":{"rendered":"<p data-start=\"0\" data-end=\"305\">Apresentamos a <strong data-start=\"15\" data-end=\"32\">Concha Veneza<\/strong>, o melhor custo-benef\u00edcio da Bonevaler M\u00f3veis para quem deseja unir beleza, conforto e acessibilidade. Seu design com <strong data-start=\"151\" data-end=\"177\">tramas em linhas retas<\/strong>, feitas em <strong data-start=\"189\" data-end=\"224\">corda n\u00e1utica de alta qualidade<\/strong>, traz um visual moderno e leve, perfeito para valorizar qualquer espa\u00e7o externo.<\/p>\n<p data-start=\"307\" data-end=\"568\">A estrutura em <strong data-start=\"322\" data-end=\"360\">alum\u00ednio com pintura eletrost\u00e1tica<\/strong> garante durabilidade e resist\u00eancia ao tempo, enquanto as <strong data-start=\"418\" data-end=\"459\">at\u00e9 4 almofadas que acompanham a pe\u00e7a<\/strong>, todas confeccionadas em <strong data-start=\"485\" data-end=\"518\">tecido imperme\u00e1vel Acquablock<\/strong>, proporcionam conforto e prote\u00e7\u00e3o contra o clima.<\/p>\n<p data-start=\"570\" data-end=\"739\" data-is-last-node=\"\" data-is-only-node=\"\">A <strong data-start=\"572\" data-end=\"589\">Concha Veneza<\/strong> \u00e9 a escolha ideal para quem busca um m\u00f3vel charmoso, confort\u00e1vel e com excelente pre\u00e7o, sem abrir m\u00e3o da qualidade que s\u00f3 a Bonevaler M\u00f3veis oferece.<\/p>\n<p data-start=\"570\" data-end=\"739\" data-is-last-node=\"\" data-is-only-node=\"\">\n<p data-start=\"570\" data-end=\"739\" data-is-last-node=\"\" data-is-only-node=\"\">Personalize as cores do seu gosto e estilo, caso nossas medidas n\u00e3o te atendam, fazemos sobre medida exata para melhor adequar-se ao seu ambiente.<\/p>\n","protected":false},"featured_media":17737,"template":"","meta":{"_joinchat":[]},"product_brand":[],"product_cat":[78,92],"product_tag":[],"class_list":{"0":"post-17736","1":"product","2":"type-product","3":"status-publish","4":"has-post-thumbnail","6":"product_cat-conchas","7":"product_cat-toda-a-loja","9":"first","10":"instock","11":"shipping-taxable","12":"purchasable","13":"product-type-simple"},"_links":{"self":[{"href":"https:\/\/www.bonevalermoveis.com.br\/home\/wp-json\/wp\/v2\/product\/17736","targetHints":{"allow":["GET"]}}],"collection":[{"href":"https:\/\/www.bonevalermoveis.com.br\/home\/wp-json\/wp\/v2\/product"}],"about":[{"href":"https:\/\/www.bonevalermoveis.com.br\/home\/wp-json\/wp\/v2\/types\/product"}],"version-history":[{"count":1,"href":"https:\/\/www.bonevalermoveis.com.br\/home\/wp-json\/wp\/v2\/product\/17736\/revisions"}],"predecessor-version":[{"id":17741,"href":"https:\/\/www.bonevalermoveis.com.br\/home\/wp-json\/wp\/v2\/product\/17736\/revisions\/17741"}],"wp:featuredmedia":[{"embeddable":true,"href":"https:\/\/www.bonevalermoveis.com.br\/home\/wp-json\/wp\/v2\/media\/17737"}],"wp:attachment":[{"href":"https:\/\/www.bonevalermoveis.com.br\/home\/wp-json\/wp\/v2\/media?parent=17736"}],"wp:term":[{"taxonomy":"product_brand","embeddable":true,"href":"https:\/\/www.bonevalermoveis.com.br\/home\/wp-json\/wp\/v2\/product_brand?post=17736"},{"taxonomy":"product_cat","embeddable":true,"href":"https:\/\/www.bonevalermoveis.com.br\/home\/wp-json\/wp\/v2\/product_cat?post=17736"},{"taxonomy":"product_tag","embeddable":true,"href":"https:\/\/www.bonevalermoveis.com.br\/home\/wp-json\/wp\/v2\/product_tag?post=17736"}],"curies":[{"name":"wp","href":"https:\/\/api.w.org\/{rel}","templated":true}]}}