{"id":17888,"date":"2025-09-21T18:22:41","date_gmt":"2025-09-21T21:22:41","guid":{"rendered":"https:\/\/www.bonevalermoveis.com.br\/home\/?post_type=product&#038;p=17888"},"modified":"2025-09-21T18:22:41","modified_gmt":"2025-09-21T21:22:41","slug":"conjunto-florida","status":"publish","type":"product","link":"https:\/\/www.bonevalermoveis.com.br\/home\/produto\/conjunto-florida\/","title":{"rendered":"Conjunto Fl\u00f3rida"},"content":{"rendered":"","protected":false},"excerpt":{"rendered":"<p data-start=\"147\" data-end=\"463\">O <strong data-start=\"149\" data-end=\"177\">Conjunto de Mesa Fl\u00f3rida<\/strong> \u00e9 a escolha ideal para quem busca o <strong data-start=\"214\" data-end=\"240\">melhor custo-benef\u00edcio<\/strong> sem abrir m\u00e3o de <strong data-start=\"258\" data-end=\"294\">design, qualidade e sofistica\u00e7\u00e3o<\/strong>. Toda sua estrutura \u00e9 trabalhada em <strong data-start=\"331\" data-end=\"368\">corda n\u00e1utica de alta resist\u00eancia<\/strong>, tramada verticalmente, criando um visual moderno e elegante que valoriza qualquer ambiente.<\/p>\n<p data-start=\"465\" data-end=\"792\">A mesa, fabricada em <strong data-start=\"486\" data-end=\"531\">alum\u00ednio ripado com pintura eletrost\u00e1tica<\/strong>, garante <strong data-start=\"541\" data-end=\"566\">durabilidade e leveza<\/strong>, sendo perfeita para \u00e1reas externas ou gourmets. A combina\u00e7\u00e3o dos materiais resulta em um conjunto vers\u00e1til, funcional e cheio de estilo, que transforma cada momento em torno da mesa em uma experi\u00eancia de conforto e beleza.<\/p>\n<p data-start=\"465\" data-end=\"792\">\n<p data-start=\"465\" data-end=\"792\">Personalize as cores do seu gosto e estilo, caso nossas medidas n\u00e3o te atendam, fazemos sobre medida exata para melhor adequar-se ao seu ambiente.<\/p>\n","protected":false},"featured_media":17889,"template":"","meta":{"_joinchat":[]},"product_brand":[],"product_cat":[96,92],"product_tag":[],"class_list":{"0":"post-17888","1":"product","2":"type-product","3":"status-publish","4":"has-post-thumbnail","6":"product_cat-mesas","7":"product_cat-toda-a-loja","9":"first","10":"instock","11":"shipping-taxable","12":"purchasable","13":"product-type-simple"},"_links":{"self":[{"href":"https:\/\/www.bonevalermoveis.com.br\/home\/wp-json\/wp\/v2\/product\/17888","targetHints":{"allow":["GET"]}}],"collection":[{"href":"https:\/\/www.bonevalermoveis.com.br\/home\/wp-json\/wp\/v2\/product"}],"about":[{"href":"https:\/\/www.bonevalermoveis.com.br\/home\/wp-json\/wp\/v2\/types\/product"}],"version-history":[{"count":1,"href":"https:\/\/www.bonevalermoveis.com.br\/home\/wp-json\/wp\/v2\/product\/17888\/revisions"}],"predecessor-version":[{"id":17895,"href":"https:\/\/www.bonevalermoveis.com.br\/home\/wp-json\/wp\/v2\/product\/17888\/revisions\/17895"}],"wp:featuredmedia":[{"embeddable":true,"href":"https:\/\/www.bonevalermoveis.com.br\/home\/wp-json\/wp\/v2\/media\/17889"}],"wp:attachment":[{"href":"https:\/\/www.bonevalermoveis.com.br\/home\/wp-json\/wp\/v2\/media?parent=17888"}],"wp:term":[{"taxonomy":"product_brand","embeddable":true,"href":"https:\/\/www.bonevalermoveis.com.br\/home\/wp-json\/wp\/v2\/product_brand?post=17888"},{"taxonomy":"product_cat","embeddable":true,"href":"https:\/\/www.bonevalermoveis.com.br\/home\/wp-json\/wp\/v2\/product_cat?post=17888"},{"taxonomy":"product_tag","embeddable":true,"href":"https:\/\/www.bonevalermoveis.com.br\/home\/wp-json\/wp\/v2\/product_tag?post=17888"}],"curies":[{"name":"wp","href":"https:\/\/api.w.org\/{rel}","templated":true}]}}