{"id":17899,"date":"2025-09-21T18:32:11","date_gmt":"2025-09-21T21:32:11","guid":{"rendered":"https:\/\/www.bonevalermoveis.com.br\/home\/?post_type=product&#038;p=17899"},"modified":"2025-09-21T18:32:23","modified_gmt":"2025-09-21T21:32:23","slug":"poltrona-florida","status":"publish","type":"product","link":"https:\/\/www.bonevalermoveis.com.br\/home\/produto\/poltrona-florida\/","title":{"rendered":"Poltrona Fl\u00f3rida"},"content":{"rendered":"","protected":false},"excerpt":{"rendered":"<p data-start=\"0\" data-end=\"291\">Apresentamos a <strong data-start=\"15\" data-end=\"35\">Poltrona Fl\u00f3rida<\/strong>, um m\u00f3vel que combina <strong data-start=\"58\" data-end=\"82\">design contempor\u00e2neo<\/strong> e <strong data-start=\"85\" data-end=\"114\">excelente custo-benef\u00edcio<\/strong>. Sua estrutura \u00e9 toda trabalhada em <strong data-start=\"151\" data-end=\"196\">corda n\u00e1utica tramada em linhas verticais<\/strong>, criando um visual sofisticado e atual, perfeito para compor diferentes estilos de ambiente.<\/p>\n<p data-start=\"293\" data-end=\"575\">Com <strong data-start=\"297\" data-end=\"366\">estrutura leve e resistente em alum\u00ednio com pintura eletrost\u00e1tica<\/strong>, a Poltrona Fl\u00f3rida oferece durabilidade e praticidade para \u00e1reas externas ou internas. Vers\u00e1til e elegante, \u00e9 a escolha certa para quem deseja unir <strong data-start=\"516\" data-end=\"554\">qualidade, estilo e acessibilidade<\/strong> em uma \u00fanica pe\u00e7a.<\/p>\n<p data-start=\"293\" data-end=\"575\">Personalize as cores do seu gosto e estilo, caso nossas medidas n\u00e3o te atendam, fazemos sobre medida exata para melhor adequar-se ao seu ambiente.<\/p>\n","protected":false},"featured_media":17893,"template":"","meta":{"_joinchat":[]},"product_brand":[],"product_cat":[94,92],"product_tag":[],"class_list":{"0":"post-17899","1":"product","2":"type-product","3":"status-publish","4":"has-post-thumbnail","6":"product_cat-poltronas","7":"product_cat-toda-a-loja","9":"first","10":"instock","11":"shipping-taxable","12":"purchasable","13":"product-type-simple"},"_links":{"self":[{"href":"https:\/\/www.bonevalermoveis.com.br\/home\/wp-json\/wp\/v2\/product\/17899","targetHints":{"allow":["GET"]}}],"collection":[{"href":"https:\/\/www.bonevalermoveis.com.br\/home\/wp-json\/wp\/v2\/product"}],"about":[{"href":"https:\/\/www.bonevalermoveis.com.br\/home\/wp-json\/wp\/v2\/types\/product"}],"version-history":[{"count":2,"href":"https:\/\/www.bonevalermoveis.com.br\/home\/wp-json\/wp\/v2\/product\/17899\/revisions"}],"predecessor-version":[{"id":17904,"href":"https:\/\/www.bonevalermoveis.com.br\/home\/wp-json\/wp\/v2\/product\/17899\/revisions\/17904"}],"wp:featuredmedia":[{"embeddable":true,"href":"https:\/\/www.bonevalermoveis.com.br\/home\/wp-json\/wp\/v2\/media\/17893"}],"wp:attachment":[{"href":"https:\/\/www.bonevalermoveis.com.br\/home\/wp-json\/wp\/v2\/media?parent=17899"}],"wp:term":[{"taxonomy":"product_brand","embeddable":true,"href":"https:\/\/www.bonevalermoveis.com.br\/home\/wp-json\/wp\/v2\/product_brand?post=17899"},{"taxonomy":"product_cat","embeddable":true,"href":"https:\/\/www.bonevalermoveis.com.br\/home\/wp-json\/wp\/v2\/product_cat?post=17899"},{"taxonomy":"product_tag","embeddable":true,"href":"https:\/\/www.bonevalermoveis.com.br\/home\/wp-json\/wp\/v2\/product_tag?post=17899"}],"curies":[{"name":"wp","href":"https:\/\/api.w.org\/{rel}","templated":true}]}}