{"id":17994,"date":"2026-02-08T20:38:51","date_gmt":"2026-02-08T23:38:51","guid":{"rendered":"https:\/\/www.bonevalermoveis.com.br\/home\/?post_type=product&#038;p=17994"},"modified":"2026-02-11T19:28:24","modified_gmt":"2026-02-11T22:28:24","slug":"mesa-cascata","status":"publish","type":"product","link":"https:\/\/www.bonevalermoveis.com.br\/home\/produto\/mesa-cascata\/","title":{"rendered":"Conjunto Cascata"},"content":{"rendered":"","protected":false},"excerpt":{"rendered":"<p data-start=\"0\" data-end=\"213\">A <strong data-start=\"2\" data-end=\"18\">Mesa Cascata<\/strong> \u00e9 uma pe\u00e7a que traduz a eleg\u00e2ncia da natureza em forma de design. Cada mesa \u00e9 <strong data-start=\"97\" data-end=\"106\">\u00fanica<\/strong>, com tra\u00e7os org\u00e2nicos e detalhes r\u00fasticos que revelam a beleza natural da madeira em seu estado mais puro.<\/p>\n<p data-start=\"215\" data-end=\"462\">Seu charme est\u00e1 nos <strong data-start=\"235\" data-end=\"255\">m\u00ednimos detalhes<\/strong>, nas imperfei\u00e7\u00f5es naturais que se transformam em personalidade, tornando cada pe\u00e7a exclusiva. A Mesa Cascata n\u00e3o \u00e9 apenas um m\u00f3vel, \u00e9 uma obra que conecta o ambiente ao que h\u00e1 de mais aut\u00eantico na natureza.<\/p>\n<p data-start=\"464\" data-end=\"595\">Ideal para quem busca sofistica\u00e7\u00e3o com identidade, a <strong data-start=\"517\" data-end=\"533\">Mesa Cascata<\/strong> valoriza qualquer espa\u00e7o com presen\u00e7a, calor e originalidade.<\/p>\n<p data-start=\"464\" data-end=\"595\">Personalize as Poltronas ou Cadeiras a seu gosto e estilo, assim como as cores.<\/p>\n","protected":false},"featured_media":18064,"template":"","meta":{"_joinchat":[]},"product_brand":[],"product_cat":[96,92],"product_tag":[],"class_list":{"0":"post-17994","1":"product","2":"type-product","3":"status-publish","4":"has-post-thumbnail","6":"product_cat-mesas","7":"product_cat-toda-a-loja","9":"first","10":"instock","11":"shipping-taxable","12":"purchasable","13":"product-type-simple"},"_links":{"self":[{"href":"https:\/\/www.bonevalermoveis.com.br\/home\/wp-json\/wp\/v2\/product\/17994","targetHints":{"allow":["GET"]}}],"collection":[{"href":"https:\/\/www.bonevalermoveis.com.br\/home\/wp-json\/wp\/v2\/product"}],"about":[{"href":"https:\/\/www.bonevalermoveis.com.br\/home\/wp-json\/wp\/v2\/types\/product"}],"version-history":[{"count":4,"href":"https:\/\/www.bonevalermoveis.com.br\/home\/wp-json\/wp\/v2\/product\/17994\/revisions"}],"predecessor-version":[{"id":18011,"href":"https:\/\/www.bonevalermoveis.com.br\/home\/wp-json\/wp\/v2\/product\/17994\/revisions\/18011"}],"wp:featuredmedia":[{"embeddable":true,"href":"https:\/\/www.bonevalermoveis.com.br\/home\/wp-json\/wp\/v2\/media\/18064"}],"wp:attachment":[{"href":"https:\/\/www.bonevalermoveis.com.br\/home\/wp-json\/wp\/v2\/media?parent=17994"}],"wp:term":[{"taxonomy":"product_brand","embeddable":true,"href":"https:\/\/www.bonevalermoveis.com.br\/home\/wp-json\/wp\/v2\/product_brand?post=17994"},{"taxonomy":"product_cat","embeddable":true,"href":"https:\/\/www.bonevalermoveis.com.br\/home\/wp-json\/wp\/v2\/product_cat?post=17994"},{"taxonomy":"product_tag","embeddable":true,"href":"https:\/\/www.bonevalermoveis.com.br\/home\/wp-json\/wp\/v2\/product_tag?post=17994"}],"curies":[{"name":"wp","href":"https:\/\/api.w.org\/{rel}","templated":true}]}}