{"id":18016,"date":"2026-02-10T20:37:37","date_gmt":"2026-02-10T23:37:37","guid":{"rendered":"https:\/\/www.bonevalermoveis.com.br\/home\/?post_type=product&#038;p=18016"},"modified":"2026-02-10T22:39:19","modified_gmt":"2026-02-11T01:39:19","slug":"poltrona-caribe-em-trico-nautico","status":"publish","type":"product","link":"https:\/\/www.bonevalermoveis.com.br\/home\/produto\/poltrona-caribe-em-trico-nautico\/","title":{"rendered":"Poltrona Caribe em Tric\u00f4 N\u00e1utico"},"content":{"rendered":"","protected":false},"excerpt":{"rendered":"<p data-start=\"0\" data-end=\"276\">A <strong data-start=\"2\" data-end=\"38\">Poltrona Caribe em Tric\u00f4 N\u00e1utico<\/strong> \u00e9 uma pe\u00e7a que se destaca pela harmonia entre <strong data-start=\"85\" data-end=\"123\">design autoral e conforto absoluto<\/strong>. Seu visual marcante nasce da trama em <strong data-start=\"163\" data-end=\"206\">tric\u00f4 n\u00e1utico com enchimento no encosto<\/strong>, que cria uma forma envolvente, elegante e extremamente aconchegante.<\/p>\n<p data-start=\"278\" data-end=\"480\">Cada linha do tric\u00f4 revela o cuidado artesanal da Bonevaler, resultando em uma poltrona com presen\u00e7a, personalidade e sofistica\u00e7\u00e3o. O conforto \u00e9 imediato, e o design \u00e9 o que conquista no primeiro olhar.<\/p>\n<p data-start=\"482\" data-end=\"651\">Ideal para quem busca um m\u00f3vel que seja ao mesmo tempo <strong data-start=\"537\" data-end=\"563\">escultural e funcional<\/strong>, a <strong data-start=\"567\" data-end=\"586\">Poltrona Caribe<\/strong> transforma qualquer ambiente em um espa\u00e7o de estilo e bem-estar.<\/p>\n<p data-start=\"653\" data-end=\"803\" data-is-last-node=\"\" data-is-only-node=\"\">Personalize as cores do seu gosto e estilo, caso nossas medidas n\u00e3o te atendam, fazemos sobre medida exata para melhor adequar-se ao seu ambiente.<\/p>\n","protected":false},"featured_media":18072,"template":"","meta":{"_joinchat":[]},"product_brand":[],"product_cat":[94,92],"product_tag":[],"class_list":{"0":"post-18016","1":"product","2":"type-product","3":"status-publish","4":"has-post-thumbnail","6":"product_cat-poltronas","7":"product_cat-toda-a-loja","9":"first","10":"instock","11":"shipping-taxable","12":"purchasable","13":"product-type-simple"},"_links":{"self":[{"href":"https:\/\/www.bonevalermoveis.com.br\/home\/wp-json\/wp\/v2\/product\/18016","targetHints":{"allow":["GET"]}}],"collection":[{"href":"https:\/\/www.bonevalermoveis.com.br\/home\/wp-json\/wp\/v2\/product"}],"about":[{"href":"https:\/\/www.bonevalermoveis.com.br\/home\/wp-json\/wp\/v2\/types\/product"}],"version-history":[{"count":1,"href":"https:\/\/www.bonevalermoveis.com.br\/home\/wp-json\/wp\/v2\/product\/18016\/revisions"}],"predecessor-version":[{"id":18023,"href":"https:\/\/www.bonevalermoveis.com.br\/home\/wp-json\/wp\/v2\/product\/18016\/revisions\/18023"}],"wp:featuredmedia":[{"embeddable":true,"href":"https:\/\/www.bonevalermoveis.com.br\/home\/wp-json\/wp\/v2\/media\/18072"}],"wp:attachment":[{"href":"https:\/\/www.bonevalermoveis.com.br\/home\/wp-json\/wp\/v2\/media?parent=18016"}],"wp:term":[{"taxonomy":"product_brand","embeddable":true,"href":"https:\/\/www.bonevalermoveis.com.br\/home\/wp-json\/wp\/v2\/product_brand?post=18016"},{"taxonomy":"product_cat","embeddable":true,"href":"https:\/\/www.bonevalermoveis.com.br\/home\/wp-json\/wp\/v2\/product_cat?post=18016"},{"taxonomy":"product_tag","embeddable":true,"href":"https:\/\/www.bonevalermoveis.com.br\/home\/wp-json\/wp\/v2\/product_tag?post=18016"}],"curies":[{"name":"wp","href":"https:\/\/api.w.org\/{rel}","templated":true}]}}