{"id":18024,"date":"2026-02-10T20:42:35","date_gmt":"2026-02-10T23:42:35","guid":{"rendered":"https:\/\/www.bonevalermoveis.com.br\/home\/?post_type=product&#038;p=18024"},"modified":"2026-02-10T22:41:14","modified_gmt":"2026-02-11T01:41:14","slug":"conjunto-caribe-em-trico","status":"publish","type":"product","link":"https:\/\/www.bonevalermoveis.com.br\/home\/produto\/conjunto-caribe-em-trico\/","title":{"rendered":"Conjunto Caribe em Tric\u00f4"},"content":{"rendered":"","protected":false},"excerpt":{"rendered":"<p data-start=\"0\" data-end=\"284\">O <strong data-start=\"2\" data-end=\"38\">Conjunto Caribe em Tric\u00f4 N\u00e1utico<\/strong> \u00e9 a tradu\u00e7\u00e3o perfeita de exclusividade, design e conforto em um s\u00f3 ambiente. Com um visual marcante e acabamento artesanal, cada pe\u00e7a \u00e9 cuidadosamente tramada em <strong data-start=\"201\" data-end=\"218\">tric\u00f4 n\u00e1utico<\/strong>, criando uma composi\u00e7\u00e3o elegante, leve e extremamente acolhedora.<\/p>\n<p data-start=\"286\" data-end=\"546\">Seu design autoral valoriza as formas e os volumes, proporcionando uma experi\u00eancia de conforto que se percebe no primeiro contato. Mais do que um conjunto de m\u00f3veis, o Caribe \u00e9 uma proposta de estilo de vida: sofisticado, descontra\u00eddo e cheio de personalidade.<\/p>\n<p data-start=\"548\" data-end=\"737\">Ideal para \u00e1reas externas, varandas ou espa\u00e7os de lazer, o <strong data-start=\"607\" data-end=\"626\">Conjunto Caribe<\/strong> transforma qualquer ambiente em um cen\u00e1rio de charme e bem-estar com a assinatura de alto padr\u00e3o da Bonevaler.<\/p>\n<p data-start=\"739\" data-end=\"889\" data-is-last-node=\"\" data-is-only-node=\"\">Personalize as cores do seu gosto e estilo, caso nossas medidas n\u00e3o te atendam, fazemos sobre medida exata para melhor adequar-se ao seu ambiente.<\/p>\n","protected":false},"featured_media":18076,"template":"","meta":{"_joinchat":[]},"product_brand":[],"product_cat":[96,92],"product_tag":[],"class_list":{"0":"post-18024","1":"product","2":"type-product","3":"status-publish","4":"has-post-thumbnail","6":"product_cat-mesas","7":"product_cat-toda-a-loja","9":"first","10":"instock","11":"shipping-taxable","12":"purchasable","13":"product-type-simple"},"_links":{"self":[{"href":"https:\/\/www.bonevalermoveis.com.br\/home\/wp-json\/wp\/v2\/product\/18024","targetHints":{"allow":["GET"]}}],"collection":[{"href":"https:\/\/www.bonevalermoveis.com.br\/home\/wp-json\/wp\/v2\/product"}],"about":[{"href":"https:\/\/www.bonevalermoveis.com.br\/home\/wp-json\/wp\/v2\/types\/product"}],"version-history":[{"count":1,"href":"https:\/\/www.bonevalermoveis.com.br\/home\/wp-json\/wp\/v2\/product\/18024\/revisions"}],"predecessor-version":[{"id":18029,"href":"https:\/\/www.bonevalermoveis.com.br\/home\/wp-json\/wp\/v2\/product\/18024\/revisions\/18029"}],"wp:featuredmedia":[{"embeddable":true,"href":"https:\/\/www.bonevalermoveis.com.br\/home\/wp-json\/wp\/v2\/media\/18076"}],"wp:attachment":[{"href":"https:\/\/www.bonevalermoveis.com.br\/home\/wp-json\/wp\/v2\/media?parent=18024"}],"wp:term":[{"taxonomy":"product_brand","embeddable":true,"href":"https:\/\/www.bonevalermoveis.com.br\/home\/wp-json\/wp\/v2\/product_brand?post=18024"},{"taxonomy":"product_cat","embeddable":true,"href":"https:\/\/www.bonevalermoveis.com.br\/home\/wp-json\/wp\/v2\/product_cat?post=18024"},{"taxonomy":"product_tag","embeddable":true,"href":"https:\/\/www.bonevalermoveis.com.br\/home\/wp-json\/wp\/v2\/product_tag?post=18024"}],"curies":[{"name":"wp","href":"https:\/\/api.w.org\/{rel}","templated":true}]}}