{"id":18077,"date":"2026-02-11T19:27:38","date_gmt":"2026-02-11T22:27:38","guid":{"rendered":"https:\/\/www.bonevalermoveis.com.br\/home\/?post_type=product&#038;p=18077"},"modified":"2026-02-11T19:27:38","modified_gmt":"2026-02-11T22:27:38","slug":"banqueta-monaco","status":"publish","type":"product","link":"https:\/\/www.bonevalermoveis.com.br\/home\/produto\/banqueta-monaco\/","title":{"rendered":"Banqueta M\u00f4naco"},"content":{"rendered":"","protected":false},"excerpt":{"rendered":"<p>A <strong>Banqueta Monaco<\/strong> \u00e9 a uni\u00e3o perfeita entre <strong>design sofisticado<\/strong>, conforto e acabamento artesanal. Totalmente tramada em <strong>tric\u00f4 n\u00e1utico com enchimento<\/strong>, ela oferece uma sensa\u00e7\u00e3o de maciez \u00fanica ao sentar, gra\u00e7as \u00e0 suavidade do tric\u00f4 que envolve todo o corpo da pe\u00e7a.<\/p>\n<p>Sua <strong>estrutura em alum\u00ednio e Pintura eletrost\u00e1tica<\/strong> garante leveza, resist\u00eancia e durabilidade, ideal tanto para \u00e1reas internas quanto externas. O visual elegante e contempor\u00e2neo da Banqueta Monaco transforma qualquer balc\u00e3o, espa\u00e7o gourmet ou \u00e1rea de lazer em um ambiente cheio de estilo e personalidade.<\/p>\n<p>Personalize as cores do seu gosto e estilo, caso nossas medidas n\u00e3o te atendam, fazemos sobre medida exata para melhor adequar-se ao seu ambiente.<\/p>\n","protected":false},"featured_media":18078,"template":"","meta":{"_joinchat":[]},"product_brand":[],"product_cat":[83,92],"product_tag":[],"class_list":{"0":"post-18077","1":"product","2":"type-product","3":"status-publish","4":"has-post-thumbnail","6":"product_cat-banquetas","7":"product_cat-toda-a-loja","9":"first","10":"instock","11":"shipping-taxable","12":"purchasable","13":"product-type-simple"},"_links":{"self":[{"href":"https:\/\/www.bonevalermoveis.com.br\/home\/wp-json\/wp\/v2\/product\/18077","targetHints":{"allow":["GET"]}}],"collection":[{"href":"https:\/\/www.bonevalermoveis.com.br\/home\/wp-json\/wp\/v2\/product"}],"about":[{"href":"https:\/\/www.bonevalermoveis.com.br\/home\/wp-json\/wp\/v2\/types\/product"}],"version-history":[{"count":1,"href":"https:\/\/www.bonevalermoveis.com.br\/home\/wp-json\/wp\/v2\/product\/18077\/revisions"}],"predecessor-version":[{"id":18083,"href":"https:\/\/www.bonevalermoveis.com.br\/home\/wp-json\/wp\/v2\/product\/18077\/revisions\/18083"}],"wp:featuredmedia":[{"embeddable":true,"href":"https:\/\/www.bonevalermoveis.com.br\/home\/wp-json\/wp\/v2\/media\/18078"}],"wp:attachment":[{"href":"https:\/\/www.bonevalermoveis.com.br\/home\/wp-json\/wp\/v2\/media?parent=18077"}],"wp:term":[{"taxonomy":"product_brand","embeddable":true,"href":"https:\/\/www.bonevalermoveis.com.br\/home\/wp-json\/wp\/v2\/product_brand?post=18077"},{"taxonomy":"product_cat","embeddable":true,"href":"https:\/\/www.bonevalermoveis.com.br\/home\/wp-json\/wp\/v2\/product_cat?post=18077"},{"taxonomy":"product_tag","embeddable":true,"href":"https:\/\/www.bonevalermoveis.com.br\/home\/wp-json\/wp\/v2\/product_tag?post=18077"}],"curies":[{"name":"wp","href":"https:\/\/api.w.org\/{rel}","templated":true}]}}