{"id":18091,"date":"2026-02-11T20:00:44","date_gmt":"2026-02-11T23:00:44","guid":{"rendered":"https:\/\/www.bonevalermoveis.com.br\/home\/?post_type=product&#038;p=18091"},"modified":"2026-02-11T20:00:45","modified_gmt":"2026-02-11T23:00:45","slug":"banqueta-londres","status":"publish","type":"product","link":"https:\/\/www.bonevalermoveis.com.br\/home\/produto\/banqueta-londres\/","title":{"rendered":"Banqueta Londres"},"content":{"rendered":"","protected":false},"excerpt":{"rendered":"<p>A <strong>Banqueta Londres<\/strong> \u00e9 uma pe\u00e7a que une <strong>design marcante, conforto e sofistica\u00e7\u00e3o<\/strong> para compor ambientes modernos e elegantes. Sua estrutura \u00e9 tramada em <strong>corda n\u00e1utica de alta qualidade<\/strong>, com entrela\u00e7amento <strong>vertical e horizontal<\/strong>, criando um visual exclusivo e cheio de personalidade.<\/p>\n<p>Conta com <strong>estofados imperme\u00e1veis<\/strong>, que garantem praticidade no uso di\u00e1rio, f\u00e1cil limpeza e maior durabilidade, al\u00e9m de oferecerem um conforto superior ao sentar.<\/p>\n<p>&nbsp;<\/p>\n<p>Personalize as cores do seu gosto e estilo, caso nossas medidas n\u00e3o te atendam, fazemos sobre medida exata para melhor adequar-se ao seu ambiente.<\/p>\n","protected":false},"featured_media":18092,"template":"","meta":{"_joinchat":[]},"product_brand":[],"product_cat":[83,92],"product_tag":[],"class_list":{"0":"post-18091","1":"product","2":"type-product","3":"status-publish","4":"has-post-thumbnail","6":"product_cat-banquetas","7":"product_cat-toda-a-loja","9":"first","10":"instock","11":"shipping-taxable","12":"purchasable","13":"product-type-simple"},"_links":{"self":[{"href":"https:\/\/www.bonevalermoveis.com.br\/home\/wp-json\/wp\/v2\/product\/18091","targetHints":{"allow":["GET"]}}],"collection":[{"href":"https:\/\/www.bonevalermoveis.com.br\/home\/wp-json\/wp\/v2\/product"}],"about":[{"href":"https:\/\/www.bonevalermoveis.com.br\/home\/wp-json\/wp\/v2\/types\/product"}],"version-history":[{"count":1,"href":"https:\/\/www.bonevalermoveis.com.br\/home\/wp-json\/wp\/v2\/product\/18091\/revisions"}],"predecessor-version":[{"id":18096,"href":"https:\/\/www.bonevalermoveis.com.br\/home\/wp-json\/wp\/v2\/product\/18091\/revisions\/18096"}],"wp:featuredmedia":[{"embeddable":true,"href":"https:\/\/www.bonevalermoveis.com.br\/home\/wp-json\/wp\/v2\/media\/18092"}],"wp:attachment":[{"href":"https:\/\/www.bonevalermoveis.com.br\/home\/wp-json\/wp\/v2\/media?parent=18091"}],"wp:term":[{"taxonomy":"product_brand","embeddable":true,"href":"https:\/\/www.bonevalermoveis.com.br\/home\/wp-json\/wp\/v2\/product_brand?post=18091"},{"taxonomy":"product_cat","embeddable":true,"href":"https:\/\/www.bonevalermoveis.com.br\/home\/wp-json\/wp\/v2\/product_cat?post=18091"},{"taxonomy":"product_tag","embeddable":true,"href":"https:\/\/www.bonevalermoveis.com.br\/home\/wp-json\/wp\/v2\/product_tag?post=18091"}],"curies":[{"name":"wp","href":"https:\/\/api.w.org\/{rel}","templated":true}]}}