{"id":18159,"date":"2026-02-12T20:28:01","date_gmt":"2026-02-12T23:28:01","guid":{"rendered":"https:\/\/www.bonevalermoveis.com.br\/home\/?post_type=product&#038;p=18159"},"modified":"2026-02-12T21:02:28","modified_gmt":"2026-02-13T00:02:28","slug":"cadeira-arezzo","status":"publish","type":"product","link":"https:\/\/www.bonevalermoveis.com.br\/home\/produto\/cadeira-arezzo\/","title":{"rendered":"Cadeira Arezzo"},"content":{"rendered":"","protected":false},"excerpt":{"rendered":"<p data-start=\"0\" data-end=\"214\">A <strong data-start=\"2\" data-end=\"20\">Cadeira Arezzo<\/strong> mant\u00e9m os mesmos tra\u00e7os sofisticados da consagrada Poltrona Arezzo, agora em uma vers\u00e3o sem bra\u00e7os, ideal para compor mesas de jantar, \u00e1reas gourmet e espa\u00e7os externos com eleg\u00e2ncia e harmonia.<\/p>\n<p data-start=\"216\" data-end=\"514\">Seu design \u00e9 valorizado pela <strong data-start=\"245\" data-end=\"280\">trama cuidadosamente trabalhada<\/strong>, que preserva a identidade visual marcante da linha Arezzo, aliando leveza est\u00e9tica e excelente conforto. Mesmo em uma vers\u00e3o mais compacta, a cadeira mant\u00e9m o alto padr\u00e3o de acabamento e a presen\u00e7a que tornam a cole\u00e7\u00e3o t\u00e3o desejada.<\/p>\n<p data-start=\"516\" data-end=\"676\">Com custo-benef\u00edcio, \u00e9 a escolha perfeita para quem busca <strong data-start=\"585\" data-end=\"621\">exclusividade, conforto e design<\/strong>, sem abrir m\u00e3o da sofistica\u00e7\u00e3o que define a Bonevaler.<\/p>\n<p data-start=\"678\" data-end=\"828\" data-is-last-node=\"\" data-is-only-node=\"\">Personalize as cores do seu gosto e estilo, caso nossas medidas n\u00e3o te atendam, fazemos sobre medida exata para melhor adequar-se ao seu ambiente.<\/p>\n","protected":false},"featured_media":18166,"template":"","meta":{"_joinchat":[]},"product_brand":[],"product_cat":[95,92],"product_tag":[],"class_list":{"0":"post-18159","1":"product","2":"type-product","3":"status-publish","4":"has-post-thumbnail","6":"product_cat-cadeiras","7":"product_cat-toda-a-loja","9":"first","10":"instock","11":"shipping-taxable","12":"purchasable","13":"product-type-simple"},"_links":{"self":[{"href":"https:\/\/www.bonevalermoveis.com.br\/home\/wp-json\/wp\/v2\/product\/18159","targetHints":{"allow":["GET"]}}],"collection":[{"href":"https:\/\/www.bonevalermoveis.com.br\/home\/wp-json\/wp\/v2\/product"}],"about":[{"href":"https:\/\/www.bonevalermoveis.com.br\/home\/wp-json\/wp\/v2\/types\/product"}],"version-history":[{"count":2,"href":"https:\/\/www.bonevalermoveis.com.br\/home\/wp-json\/wp\/v2\/product\/18159\/revisions"}],"predecessor-version":[{"id":18167,"href":"https:\/\/www.bonevalermoveis.com.br\/home\/wp-json\/wp\/v2\/product\/18159\/revisions\/18167"}],"wp:featuredmedia":[{"embeddable":true,"href":"https:\/\/www.bonevalermoveis.com.br\/home\/wp-json\/wp\/v2\/media\/18166"}],"wp:attachment":[{"href":"https:\/\/www.bonevalermoveis.com.br\/home\/wp-json\/wp\/v2\/media?parent=18159"}],"wp:term":[{"taxonomy":"product_brand","embeddable":true,"href":"https:\/\/www.bonevalermoveis.com.br\/home\/wp-json\/wp\/v2\/product_brand?post=18159"},{"taxonomy":"product_cat","embeddable":true,"href":"https:\/\/www.bonevalermoveis.com.br\/home\/wp-json\/wp\/v2\/product_cat?post=18159"},{"taxonomy":"product_tag","embeddable":true,"href":"https:\/\/www.bonevalermoveis.com.br\/home\/wp-json\/wp\/v2\/product_tag?post=18159"}],"curies":[{"name":"wp","href":"https:\/\/api.w.org\/{rel}","templated":true}]}}