{"id":18174,"date":"2026-02-12T21:36:28","date_gmt":"2026-02-13T00:36:28","guid":{"rendered":"https:\/\/www.bonevalermoveis.com.br\/home\/?post_type=product&#038;p=18174"},"modified":"2026-02-12T21:36:29","modified_gmt":"2026-02-13T00:36:29","slug":"cadeira-caribe-em-trico-nautico","status":"publish","type":"product","link":"https:\/\/www.bonevalermoveis.com.br\/home\/produto\/cadeira-caribe-em-trico-nautico\/","title":{"rendered":"Cadeira Caribe em Tric\u00f4 N\u00e1utico"},"content":{"rendered":"","protected":false},"excerpt":{"rendered":"<p data-start=\"0\" data-end=\"190\">A <strong data-start=\"2\" data-end=\"20\">Cadeira Caribe<\/strong> segue a mesma identidade marcante da linha Caribe, trazendo o charme do <strong data-start=\"93\" data-end=\"110\">tric\u00f4 n\u00e1utico<\/strong> em uma vers\u00e3o sem bra\u00e7os, perfeita para compor mesas com leveza e sofistica\u00e7\u00e3o.<\/p>\n<p data-start=\"192\" data-end=\"495\">Seu design se destaca pela <strong data-start=\"219\" data-end=\"253\">trama artesanal com enchimento<\/strong>, que proporciona n\u00e3o apenas um visual elegante e diferenciado, mas tamb\u00e9m um conforto surpreendente ao sentar. Mesmo sendo uma vers\u00e3o mais compacta, mant\u00e9m a ess\u00eancia acolhedora e o acabamento refinado que tornam a linha Caribe t\u00e3o especial.<\/p>\n<p data-start=\"497\" data-end=\"673\">Com excelente custo-benef\u00edcio, a <strong data-start=\"530\" data-end=\"548\">Cadeira Caribe<\/strong> \u00e9 ideal para quem busca <strong data-start=\"573\" data-end=\"616\">exclusividade, conforto e personalidade<\/strong>, sem abrir m\u00e3o de um design contempor\u00e2neo e sofisticado.<\/p>\n<p data-start=\"497\" data-end=\"673\">\n<p data-start=\"675\" data-end=\"825\" data-is-last-node=\"\" data-is-only-node=\"\">Personalize as cores do seu gosto e estilo, caso nossas medidas n\u00e3o te atendam, fazemos sobre medida exata para melhor adequar-se ao seu ambiente.<\/p>\n","protected":false},"featured_media":18175,"template":"","meta":{"_joinchat":[]},"product_brand":[],"product_cat":[95,92],"product_tag":[],"class_list":{"0":"post-18174","1":"product","2":"type-product","3":"status-publish","4":"has-post-thumbnail","6":"product_cat-cadeiras","7":"product_cat-toda-a-loja","9":"first","10":"instock","11":"shipping-taxable","12":"purchasable","13":"product-type-simple"},"_links":{"self":[{"href":"https:\/\/www.bonevalermoveis.com.br\/home\/wp-json\/wp\/v2\/product\/18174","targetHints":{"allow":["GET"]}}],"collection":[{"href":"https:\/\/www.bonevalermoveis.com.br\/home\/wp-json\/wp\/v2\/product"}],"about":[{"href":"https:\/\/www.bonevalermoveis.com.br\/home\/wp-json\/wp\/v2\/types\/product"}],"version-history":[{"count":1,"href":"https:\/\/www.bonevalermoveis.com.br\/home\/wp-json\/wp\/v2\/product\/18174\/revisions"}],"predecessor-version":[{"id":18179,"href":"https:\/\/www.bonevalermoveis.com.br\/home\/wp-json\/wp\/v2\/product\/18174\/revisions\/18179"}],"wp:featuredmedia":[{"embeddable":true,"href":"https:\/\/www.bonevalermoveis.com.br\/home\/wp-json\/wp\/v2\/media\/18175"}],"wp:attachment":[{"href":"https:\/\/www.bonevalermoveis.com.br\/home\/wp-json\/wp\/v2\/media?parent=18174"}],"wp:term":[{"taxonomy":"product_brand","embeddable":true,"href":"https:\/\/www.bonevalermoveis.com.br\/home\/wp-json\/wp\/v2\/product_brand?post=18174"},{"taxonomy":"product_cat","embeddable":true,"href":"https:\/\/www.bonevalermoveis.com.br\/home\/wp-json\/wp\/v2\/product_cat?post=18174"},{"taxonomy":"product_tag","embeddable":true,"href":"https:\/\/www.bonevalermoveis.com.br\/home\/wp-json\/wp\/v2\/product_tag?post=18174"}],"curies":[{"name":"wp","href":"https:\/\/api.w.org\/{rel}","templated":true}]}}