{"id":18180,"date":"2026-02-16T16:38:25","date_gmt":"2026-02-16T19:38:25","guid":{"rendered":"https:\/\/www.bonevalermoveis.com.br\/home\/?post_type=product&#038;p=18180"},"modified":"2026-02-16T16:38:29","modified_gmt":"2026-02-16T19:38:29","slug":"poltrona-kiev","status":"publish","type":"product","link":"https:\/\/www.bonevalermoveis.com.br\/home\/produto\/poltrona-kiev\/","title":{"rendered":"Poltrona Kiev"},"content":{"rendered":"","protected":false},"excerpt":{"rendered":"<p>A <strong>Poltrona Kiev<\/strong> \u00e9 a uni\u00e3o perfeita entre <strong>design marcante e conforto absoluto<\/strong>. Totalmente tramada em <strong>fibra sint\u00e9tica de alta qualidade<\/strong>, ela foi pensada para oferecer resist\u00eancia ao tempo sem abrir m\u00e3o da eleg\u00e2ncia.<\/p>\n<p>Seu grande destaque est\u00e1 na <strong>trama diferenciada no encosto<\/strong>, que cria um visual envolvente e sofisticado, transformando a pe\u00e7a em protagonista do ambiente. Cada detalhe valoriza o desenho da poltrona, trazendo personalidade e exclusividade para \u00e1reas externas ou internas.<\/p>\n<p>Os <strong>estofados imperme\u00e1veis<\/strong> garantem praticidade e conforto no uso di\u00e1rio, tornando a Poltrona Kiev ideal para quem busca beleza, durabilidade e funcionalidade em uma \u00fanica pe\u00e7a.<\/p>\n<p>&nbsp;<\/p>\n<p>Personalize as cores do seu gosto e estilo, caso nossas medidas n\u00e3o te atendam, fazemos sobre medida exata para melhor adequar-se ao seu ambiente.<\/p>\n","protected":false},"featured_media":18181,"template":"","meta":{"_joinchat":[]},"product_brand":[],"product_cat":[94,92],"product_tag":[],"class_list":{"0":"post-18180","1":"product","2":"type-product","3":"status-publish","4":"has-post-thumbnail","6":"product_cat-poltronas","7":"product_cat-toda-a-loja","9":"first","10":"instock","11":"shipping-taxable","12":"purchasable","13":"product-type-simple"},"_links":{"self":[{"href":"https:\/\/www.bonevalermoveis.com.br\/home\/wp-json\/wp\/v2\/product\/18180","targetHints":{"allow":["GET"]}}],"collection":[{"href":"https:\/\/www.bonevalermoveis.com.br\/home\/wp-json\/wp\/v2\/product"}],"about":[{"href":"https:\/\/www.bonevalermoveis.com.br\/home\/wp-json\/wp\/v2\/types\/product"}],"version-history":[{"count":1,"href":"https:\/\/www.bonevalermoveis.com.br\/home\/wp-json\/wp\/v2\/product\/18180\/revisions"}],"predecessor-version":[{"id":18187,"href":"https:\/\/www.bonevalermoveis.com.br\/home\/wp-json\/wp\/v2\/product\/18180\/revisions\/18187"}],"wp:featuredmedia":[{"embeddable":true,"href":"https:\/\/www.bonevalermoveis.com.br\/home\/wp-json\/wp\/v2\/media\/18181"}],"wp:attachment":[{"href":"https:\/\/www.bonevalermoveis.com.br\/home\/wp-json\/wp\/v2\/media?parent=18180"}],"wp:term":[{"taxonomy":"product_brand","embeddable":true,"href":"https:\/\/www.bonevalermoveis.com.br\/home\/wp-json\/wp\/v2\/product_brand?post=18180"},{"taxonomy":"product_cat","embeddable":true,"href":"https:\/\/www.bonevalermoveis.com.br\/home\/wp-json\/wp\/v2\/product_cat?post=18180"},{"taxonomy":"product_tag","embeddable":true,"href":"https:\/\/www.bonevalermoveis.com.br\/home\/wp-json\/wp\/v2\/product_tag?post=18180"}],"curies":[{"name":"wp","href":"https:\/\/api.w.org\/{rel}","templated":true}]}}