{"id":18193,"date":"2026-03-09T20:16:50","date_gmt":"2026-03-09T23:16:50","guid":{"rendered":"https:\/\/www.bonevalermoveis.com.br\/home\/?post_type=product&#038;p=18193"},"modified":"2026-03-09T20:16:50","modified_gmt":"2026-03-09T23:16:50","slug":"rede-flutuante-bonevaler","status":"publish","type":"product","link":"https:\/\/www.bonevalermoveis.com.br\/home\/produto\/rede-flutuante-bonevaler\/","title":{"rendered":"Rede Flutuante Bonevaler"},"content":{"rendered":"","protected":false},"excerpt":{"rendered":"<p>A <strong>Rede Flutuante Bonevaler<\/strong> \u00e9 uma pe\u00e7a exclusiva que une <strong>design contempor\u00e2neo, conforto e sofistica\u00e7\u00e3o<\/strong>, criada para transformar momentos de descanso em uma experi\u00eancia \u00fanica. Seu visual elegante e envolvente traz um novo conceito de relaxamento para \u00e1reas externas, varandas ou espa\u00e7os de lazer.<\/p>\n<p>Produzida <strong>totalmente \u00e0 m\u00e3o<\/strong>, de forma artesanal, cada rede carrega o cuidado e a dedica\u00e7\u00e3o presentes em cada detalhe. Sua composi\u00e7\u00e3o utiliza o exclusivo <strong>tric\u00f4 n\u00e1utico com enchimento<\/strong>, material desenvolvido com <strong>fios com tratamento UV<\/strong>, garantindo maior durabilidade e resist\u00eancia mesmo quando exposta ao sol, suportando at\u00e9 120kg<\/p>\n<p>Gra\u00e7as \u00e0 sua tecnologia e qualidade, a Rede Flutuante Bonevaler pode permanecer em ambientes externos sem perder sua beleza, mantendo <strong>cores vivas e apar\u00eancia impec\u00e1vel por muito mais tempo<\/strong>. Para completar o conforto, a pe\u00e7a <strong>acompanha um travesseiro<\/strong>, tornando o momento de descanso ainda mais agrad\u00e1vel.<\/p>\n<p>Mais do que uma rede, \u00e9 um convite ao bem-estar com a assinatura de exclusividade da Bonevaler.<\/p>\n<p>&nbsp;<\/p>\n<p><strong>Personalize as cores do seu gosto e estilo, caso nossas medidas n\u00e3o te atendam, fazemos sobre medida exata para melhor adequar-se ao seu ambiente.<\/strong><\/p>\n","protected":false},"featured_media":18194,"template":"","meta":{"_joinchat":[]},"product_brand":[],"product_cat":[80,92],"product_tag":[],"class_list":{"0":"post-18193","1":"product","2":"type-product","3":"status-publish","4":"has-post-thumbnail","6":"product_cat-espreguicadeira","7":"product_cat-toda-a-loja","9":"first","10":"instock","11":"shipping-taxable","12":"purchasable","13":"product-type-simple"},"_links":{"self":[{"href":"https:\/\/www.bonevalermoveis.com.br\/home\/wp-json\/wp\/v2\/product\/18193","targetHints":{"allow":["GET"]}}],"collection":[{"href":"https:\/\/www.bonevalermoveis.com.br\/home\/wp-json\/wp\/v2\/product"}],"about":[{"href":"https:\/\/www.bonevalermoveis.com.br\/home\/wp-json\/wp\/v2\/types\/product"}],"version-history":[{"count":1,"href":"https:\/\/www.bonevalermoveis.com.br\/home\/wp-json\/wp\/v2\/product\/18193\/revisions"}],"predecessor-version":[{"id":18199,"href":"https:\/\/www.bonevalermoveis.com.br\/home\/wp-json\/wp\/v2\/product\/18193\/revisions\/18199"}],"wp:featuredmedia":[{"embeddable":true,"href":"https:\/\/www.bonevalermoveis.com.br\/home\/wp-json\/wp\/v2\/media\/18194"}],"wp:attachment":[{"href":"https:\/\/www.bonevalermoveis.com.br\/home\/wp-json\/wp\/v2\/media?parent=18193"}],"wp:term":[{"taxonomy":"product_brand","embeddable":true,"href":"https:\/\/www.bonevalermoveis.com.br\/home\/wp-json\/wp\/v2\/product_brand?post=18193"},{"taxonomy":"product_cat","embeddable":true,"href":"https:\/\/www.bonevalermoveis.com.br\/home\/wp-json\/wp\/v2\/product_cat?post=18193"},{"taxonomy":"product_tag","embeddable":true,"href":"https:\/\/www.bonevalermoveis.com.br\/home\/wp-json\/wp\/v2\/product_tag?post=18193"}],"curies":[{"name":"wp","href":"https:\/\/api.w.org\/{rel}","templated":true}]}}