{"id":232,"date":"2021-08-26T14:39:51","date_gmt":"2021-08-26T14:39:51","guid":{"rendered":"http:\/\/dummy.xtemos.com\/woodmart2\/elementor\/?post_type=product&#038;p=232"},"modified":"2026-02-11T20:17:03","modified_gmt":"2026-02-11T23:17:03","slug":"banqueta-flora","status":"publish","type":"product","link":"https:\/\/www.bonevalermoveis.com.br\/home\/produto\/banqueta-flora\/","title":{"rendered":"Banqueta Flora"},"content":{"rendered":"","protected":false},"excerpt":{"rendered":"<p data-start=\"0\" data-end=\"311\">A <strong data-start=\"2\" data-end=\"20\">Poltrona Flora<\/strong> \u00e9 uma pe\u00e7a que se destaca pelo seu <strong data-start=\"56\" data-end=\"82\">design \u00fanico e autoral<\/strong>, pensado para transformar qualquer ambiente em um espa\u00e7o de personalidade e eleg\u00e2ncia. Sua trama em <strong data-start=\"183\" data-end=\"201\">formato de \u201cX\u201d<\/strong>, feita em <strong data-start=\"212\" data-end=\"249\">fibra sint\u00e9tica de alta qualidade<\/strong>, cria um visual marcante, moderno e ao mesmo tempo acolhedor.<\/p>\n<p data-start=\"313\" data-end=\"530\">Cada detalhe da Poltrona Flora valoriza o encontro entre <strong data-start=\"370\" data-end=\"404\">arte, conforto e exclusividade<\/strong>, tornando-a perfeita para varandas, \u00e1reas externas ou ambientes internos que pedem um toque de sofistica\u00e7\u00e3o e estilo pr\u00f3prio.<\/p>\n<p>&nbsp;<\/p>\n<p>A metragem poder\u00e1 variar de acordo com a proposta que a banqueta for utilizada, por isso precisamos de algumas medidas, como por exemplo a altura do balc\u00e3o para assim ser feita sobre medida exata para maior conforto.<\/p>\n<p>&nbsp;<\/p>\n<p>Personalize as cores do seu gosto e estilo, caso nossas medidas n\u00e3o te atendam, fazemos sobre medida exata para melhor adequar-se ao seu ambiente.<\/p>\n","protected":false},"featured_media":16914,"template":"","meta":{"_joinchat":[]},"product_brand":[],"product_cat":[83,92],"product_tag":[],"class_list":{"0":"post-232","1":"product","2":"type-product","3":"status-publish","4":"has-post-thumbnail","6":"product_cat-banquetas","7":"product_cat-toda-a-loja","9":"first","10":"instock","11":"shipping-taxable","12":"purchasable","13":"product-type-simple"},"_links":{"self":[{"href":"https:\/\/www.bonevalermoveis.com.br\/home\/wp-json\/wp\/v2\/product\/232","targetHints":{"allow":["GET"]}}],"collection":[{"href":"https:\/\/www.bonevalermoveis.com.br\/home\/wp-json\/wp\/v2\/product"}],"about":[{"href":"https:\/\/www.bonevalermoveis.com.br\/home\/wp-json\/wp\/v2\/types\/product"}],"version-history":[{"count":10,"href":"https:\/\/www.bonevalermoveis.com.br\/home\/wp-json\/wp\/v2\/product\/232\/revisions"}],"predecessor-version":[{"id":18108,"href":"https:\/\/www.bonevalermoveis.com.br\/home\/wp-json\/wp\/v2\/product\/232\/revisions\/18108"}],"wp:featuredmedia":[{"embeddable":true,"href":"https:\/\/www.bonevalermoveis.com.br\/home\/wp-json\/wp\/v2\/media\/16914"}],"wp:attachment":[{"href":"https:\/\/www.bonevalermoveis.com.br\/home\/wp-json\/wp\/v2\/media?parent=232"}],"wp:term":[{"taxonomy":"product_brand","embeddable":true,"href":"https:\/\/www.bonevalermoveis.com.br\/home\/wp-json\/wp\/v2\/product_brand?post=232"},{"taxonomy":"product_cat","embeddable":true,"href":"https:\/\/www.bonevalermoveis.com.br\/home\/wp-json\/wp\/v2\/product_cat?post=232"},{"taxonomy":"product_tag","embeddable":true,"href":"https:\/\/www.bonevalermoveis.com.br\/home\/wp-json\/wp\/v2\/product_tag?post=232"}],"curies":[{"name":"wp","href":"https:\/\/api.w.org\/{rel}","templated":true}]}}