{"id":344,"date":"2021-08-27T11:48:12","date_gmt":"2021-08-27T11:48:12","guid":{"rendered":"http:\/\/dummy.xtemos.com\/woodmart2\/elementor\/?post_type=product&#038;p=344"},"modified":"2025-07-20T16:29:39","modified_gmt":"2025-07-20T19:29:39","slug":"wine-bottle-lantern","status":"publish","type":"product","link":"https:\/\/www.bonevalermoveis.com.br\/home\/produto\/wine-bottle-lantern\/","title":{"rendered":"Poltrona Paris"},"content":{"rendered":"","protected":false},"excerpt":{"rendered":"<p>A Poltrona Paris \u00e9 a escolha perfeita para quem busca <strong>eleg\u00e2ncia e conforto.<\/strong> Feita toda em alum\u00ednio, com pintura eletrost\u00e1tica que garante <strong>durabilidade e um acabamento impec\u00e1vel<\/strong>, esta poltrona \u00e9 ideal para qualquer ambiente. O destaque fica pela conta da tela sling, que se adapta ao corpo, oferecendo uma experi\u00eancia de relaxamento inigual\u00e1vel e f\u00e1cil de limpar.<\/p>\n<p>Rodeado de estilo e sofistica\u00e7\u00e3o. A Poltrona Paris n\u00e3o \u00e9 apenas um m\u00f3vel, \u00e9 um convite ao descanso e ao bem-estar. Invista em qualidade, conforto e design atemporal com a Poltrona Paris.<\/p>\n<p>&nbsp;<\/p>\n<p>Personalize as cores do seu gosto e estilo, caso nossas medidas n\u00e3o te atendam, fazemos sobre medida exata para melhor adequar-se ao seu ambiente.<\/p>\n","protected":false},"featured_media":16940,"template":"","meta":{"_joinchat":[]},"product_brand":[],"product_cat":[97,94,92],"product_tag":[],"class_list":{"0":"post-344","1":"product","2":"type-product","3":"status-publish","4":"has-post-thumbnail","6":"product_cat-moveis-em-tela-sling","7":"product_cat-poltronas","8":"product_cat-toda-a-loja","10":"first","11":"instock","12":"featured","13":"shipping-taxable","14":"purchasable","15":"product-type-simple"},"_links":{"self":[{"href":"https:\/\/www.bonevalermoveis.com.br\/home\/wp-json\/wp\/v2\/product\/344","targetHints":{"allow":["GET"]}}],"collection":[{"href":"https:\/\/www.bonevalermoveis.com.br\/home\/wp-json\/wp\/v2\/product"}],"about":[{"href":"https:\/\/www.bonevalermoveis.com.br\/home\/wp-json\/wp\/v2\/types\/product"}],"version-history":[{"count":9,"href":"https:\/\/www.bonevalermoveis.com.br\/home\/wp-json\/wp\/v2\/product\/344\/revisions"}],"predecessor-version":[{"id":17787,"href":"https:\/\/www.bonevalermoveis.com.br\/home\/wp-json\/wp\/v2\/product\/344\/revisions\/17787"}],"wp:featuredmedia":[{"embeddable":true,"href":"https:\/\/www.bonevalermoveis.com.br\/home\/wp-json\/wp\/v2\/media\/16940"}],"wp:attachment":[{"href":"https:\/\/www.bonevalermoveis.com.br\/home\/wp-json\/wp\/v2\/media?parent=344"}],"wp:term":[{"taxonomy":"product_brand","embeddable":true,"href":"https:\/\/www.bonevalermoveis.com.br\/home\/wp-json\/wp\/v2\/product_brand?post=344"},{"taxonomy":"product_cat","embeddable":true,"href":"https:\/\/www.bonevalermoveis.com.br\/home\/wp-json\/wp\/v2\/product_cat?post=344"},{"taxonomy":"product_tag","embeddable":true,"href":"https:\/\/www.bonevalermoveis.com.br\/home\/wp-json\/wp\/v2\/product_tag?post=344"}],"curies":[{"name":"wp","href":"https:\/\/api.w.org\/{rel}","templated":true}]}}